{"id":1473,"date":"2020-10-01T08:27:58","date_gmt":"2020-10-01T08:27:58","guid":{"rendered":"https:\/\/mamashelter.com\/bordeaux\/restaurants\/restaurants-restaurant\/"},"modified":"2026-03-27T14:58:47","modified_gmt":"2026-03-27T14:58:47","slug":"restaurant-rdc-bar","status":"publish","type":"page","link":"https:\/\/fr.mamashelter.com\/bordeaux\/restaurants\/restaurant-rdc-bar\/","title":{"rendered":"Restaurant &#038; Bar"},"content":{"rendered":"","protected":false},"excerpt":{"rendered":"","protected":false},"author":7,"featured_media":5348,"parent":1451,"menu_order":27,"comment_status":"closed","ping_status":"closed","template":"","meta":{"footnotes":""},"class_list":["post-1473","page","type-page","status-publish","has-post-thumbnail","hentry"],"acf":[],"yoast_head":"<!-- This site is optimized with the Yoast SEO plugin v20.13 - https:\/\/yoast.com\/wordpress\/plugins\/seo\/ -->\n<title>Restaurant design, bar et plats fait-maison \u00e0 Bordeaux | Mama Shelter<\/title>\n<meta name=\"description\" content=\"D\u00e9couvrez notre carte de plats fait-maison dans notre restaurant design et nos cocktails cr\u00e9atifs au bar de Mama Shelter Bordeaux\" \/>\n<meta name=\"robots\" content=\"index, follow, max-snippet:-1, max-image-preview:large, max-video-preview:-1\" \/>\n<link rel=\"canonical\" href=\"https:\/\/fr.mamashelter.com\/bordeaux\/restaurants\/restaurant-rdc-bar\/\" \/>\n<meta property=\"og:locale\" content=\"fr_FR\" \/>\n<meta property=\"og:type\" content=\"article\" \/>\n<meta property=\"og:title\" content=\"Restaurant design, bar et plats fait-maison \u00e0 Bordeaux | Mama Shelter\" \/>\n<meta property=\"og:description\" content=\"D\u00e9couvrez notre carte de plats fait-maison dans notre restaurant design et nos cocktails cr\u00e9atifs au bar de Mama Shelter Bordeaux\" \/>\n<meta property=\"og:url\" content=\"https:\/\/fr.mamashelter.com\/bordeaux\/restaurants\/restaurant-rdc-bar\/\" \/>\n<meta property=\"og:site_name\" content=\"Bordeaux\" \/>\n<meta property=\"article:modified_time\" content=\"2026-03-27T14:58:47+00:00\" \/>\n<meta property=\"og:image\" content=\"https:\/\/mamashelter.com\/bordeaux\/wp-content\/uploads\/sites\/19\/2023\/07\/MAMA_BORDEAUX-81-scaled.jpg\" \/>\n\t<meta property=\"og:image:width\" content=\"2560\" \/>\n\t<meta property=\"og:image:height\" content=\"1707\" \/>\n\t<meta property=\"og:image:type\" content=\"image\/jpeg\" \/>\n<meta name=\"twitter:card\" content=\"summary_large_image\" \/>\n<script type=\"application\/ld+json\" class=\"yoast-schema-graph\">{\"@context\":\"https:\/\/schema.org\",\"@graph\":[{\"@type\":\"WebPage\",\"@id\":\"https:\/\/fr.mamashelter.com\/bordeaux\/restaurants\/restaurant-rdc-bar\/\",\"url\":\"https:\/\/fr.mamashelter.com\/bordeaux\/restaurants\/restaurant-rdc-bar\/\",\"name\":\"Restaurant design, bar et plats fait-maison \u00e0 Bordeaux | Mama Shelter\",\"isPartOf\":{\"@id\":\"https:\/\/fr.mamashelter.com\/bordeaux\/#website\"},\"datePublished\":\"2020-10-01T08:27:58+00:00\",\"dateModified\":\"2026-03-27T14:58:47+00:00\",\"description\":\"D\u00e9couvrez notre carte de plats fait-maison dans notre restaurant design et nos cocktails cr\u00e9atifs au bar de Mama Shelter Bordeaux\",\"breadcrumb\":{\"@id\":\"https:\/\/fr.mamashelter.com\/bordeaux\/restaurants\/restaurant-rdc-bar\/#breadcrumb\"},\"inLanguage\":\"fr-FR\",\"potentialAction\":[{\"@type\":\"ReadAction\",\"target\":[\"https:\/\/fr.mamashelter.com\/bordeaux\/restaurants\/restaurant-rdc-bar\/\"]}]},{\"@type\":\"BreadcrumbList\",\"@id\":\"https:\/\/fr.mamashelter.com\/bordeaux\/restaurants\/restaurant-rdc-bar\/#breadcrumb\",\"itemListElement\":[{\"@type\":\"ListItem\",\"position\":1,\"name\":\"Home\",\"item\":\"https:\/\/fr.mamashelter.com\/bordeaux\/\"},{\"@type\":\"ListItem\",\"position\":2,\"name\":\"Manger &#038; Boire\",\"item\":\"https:\/\/fr.mamashelter.com\/bordeaux\/eat-drink\/\"},{\"@type\":\"ListItem\",\"position\":3,\"name\":\"Restaurant &#038; Bar\"}]},{\"@type\":\"WebSite\",\"@id\":\"https:\/\/fr.mamashelter.com\/bordeaux\/#website\",\"url\":\"https:\/\/fr.mamashelter.com\/bordeaux\/\",\"name\":\"Bordeaux\",\"description\":\"Mama Shelter\",\"potentialAction\":[{\"@type\":\"SearchAction\",\"target\":{\"@type\":\"EntryPoint\",\"urlTemplate\":\"https:\/\/fr.mamashelter.com\/bordeaux\/?s={search_term_string}\"},\"query-input\":\"required name=search_term_string\"}],\"inLanguage\":\"fr-FR\"}]}<\/script>\n<!-- \/ Yoast SEO plugin. -->","yoast_head_json":{"title":"Restaurant design, bar et plats fait-maison \u00e0 Bordeaux | Mama Shelter","description":"D\u00e9couvrez notre carte de plats fait-maison dans notre restaurant design et nos cocktails cr\u00e9atifs au bar de Mama Shelter Bordeaux","robots":{"index":"index","follow":"follow","max-snippet":"max-snippet:-1","max-image-preview":"max-image-preview:large","max-video-preview":"max-video-preview:-1"},"canonical":"https:\/\/fr.mamashelter.com\/bordeaux\/restaurants\/restaurant-rdc-bar\/","og_locale":"fr_FR","og_type":"article","og_title":"Restaurant design, bar et plats fait-maison \u00e0 Bordeaux | Mama Shelter","og_description":"D\u00e9couvrez notre carte de plats fait-maison dans notre restaurant design et nos cocktails cr\u00e9atifs au bar de Mama Shelter Bordeaux","og_url":"https:\/\/fr.mamashelter.com\/bordeaux\/restaurants\/restaurant-rdc-bar\/","og_site_name":"Bordeaux","article_modified_time":"2026-03-27T14:58:47+00:00","og_image":[{"width":2560,"height":1707,"url":"https:\/\/mamashelter.com\/bordeaux\/wp-content\/uploads\/sites\/19\/2023\/07\/MAMA_BORDEAUX-81-scaled.jpg","type":"image\/jpeg"}],"twitter_card":"summary_large_image","schema":{"@context":"https:\/\/schema.org","@graph":[{"@type":"WebPage","@id":"https:\/\/fr.mamashelter.com\/bordeaux\/restaurants\/restaurant-rdc-bar\/","url":"https:\/\/fr.mamashelter.com\/bordeaux\/restaurants\/restaurant-rdc-bar\/","name":"Restaurant design, bar et plats fait-maison \u00e0 Bordeaux | Mama Shelter","isPartOf":{"@id":"https:\/\/fr.mamashelter.com\/bordeaux\/#website"},"datePublished":"2020-10-01T08:27:58+00:00","dateModified":"2026-03-27T14:58:47+00:00","description":"D\u00e9couvrez notre carte de plats fait-maison dans notre restaurant design et nos cocktails cr\u00e9atifs au bar de Mama Shelter Bordeaux","breadcrumb":{"@id":"https:\/\/fr.mamashelter.com\/bordeaux\/restaurants\/restaurant-rdc-bar\/#breadcrumb"},"inLanguage":"fr-FR","potentialAction":[{"@type":"ReadAction","target":["https:\/\/fr.mamashelter.com\/bordeaux\/restaurants\/restaurant-rdc-bar\/"]}]},{"@type":"BreadcrumbList","@id":"https:\/\/fr.mamashelter.com\/bordeaux\/restaurants\/restaurant-rdc-bar\/#breadcrumb","itemListElement":[{"@type":"ListItem","position":1,"name":"Home","item":"https:\/\/fr.mamashelter.com\/bordeaux\/"},{"@type":"ListItem","position":2,"name":"Manger &#038; Boire","item":"https:\/\/fr.mamashelter.com\/bordeaux\/eat-drink\/"},{"@type":"ListItem","position":3,"name":"Restaurant &#038; Bar"}]},{"@type":"WebSite","@id":"https:\/\/fr.mamashelter.com\/bordeaux\/#website","url":"https:\/\/fr.mamashelter.com\/bordeaux\/","name":"Bordeaux","description":"Mama Shelter","potentialAction":[{"@type":"SearchAction","target":{"@type":"EntryPoint","urlTemplate":"https:\/\/fr.mamashelter.com\/bordeaux\/?s={search_term_string}"},"query-input":"required name=search_term_string"}],"inLanguage":"fr-FR"}]}},"jetpack_sharing_enabled":true,"_links":{"self":[{"href":"https:\/\/fr.mamashelter.com\/bordeaux\/wp-json\/wp\/v2\/pages\/1473","targetHints":{"allow":["GET"]}}],"collection":[{"href":"https:\/\/fr.mamashelter.com\/bordeaux\/wp-json\/wp\/v2\/pages"}],"about":[{"href":"https:\/\/fr.mamashelter.com\/bordeaux\/wp-json\/wp\/v2\/types\/page"}],"author":[{"embeddable":true,"href":"https:\/\/fr.mamashelter.com\/bordeaux\/wp-json\/wp\/v2\/users\/7"}],"replies":[{"embeddable":true,"href":"https:\/\/fr.mamashelter.com\/bordeaux\/wp-json\/wp\/v2\/comments?post=1473"}],"version-history":[{"count":3,"href":"https:\/\/fr.mamashelter.com\/bordeaux\/wp-json\/wp\/v2\/pages\/1473\/revisions"}],"predecessor-version":[{"id":5698,"href":"https:\/\/fr.mamashelter.com\/bordeaux\/wp-json\/wp\/v2\/pages\/1473\/revisions\/5698"}],"up":[{"embeddable":true,"href":"https:\/\/fr.mamashelter.com\/bordeaux\/wp-json\/wp\/v2\/pages\/1451"}],"wp:featuredmedia":[{"embeddable":true,"href":"https:\/\/fr.mamashelter.com\/bordeaux\/wp-json\/wp\/v2\/media\/5348"}],"wp:attachment":[{"href":"https:\/\/fr.mamashelter.com\/bordeaux\/wp-json\/wp\/v2\/media?parent=1473"}],"curies":[{"name":"wp","href":"https:\/\/api.w.org\/{rel}","templated":true}]}}