{"id":8484,"date":"2025-12-03T10:35:52","date_gmt":"2025-12-03T10:35:52","guid":{"rendered":"https:\/\/mamashelter.com\/downtown-los-angeles\/?page_id=8484"},"modified":"2025-12-08T15:32:11","modified_gmt":"2025-12-08T15:32:11","slug":"coffee-corner","status":"publish","type":"page","link":"https:\/\/fr.mamashelter.com\/downtown-los-angeles\/restaurants\/coffee-corner\/","title":{"rendered":"Mama&rsquo;s Kiss"},"content":{"rendered":"","protected":false},"excerpt":{"rendered":"","protected":false},"author":6,"featured_media":0,"parent":1451,"menu_order":20,"comment_status":"closed","ping_status":"closed","template":"","meta":{"footnotes":""},"class_list":["post-8484","page","type-page","status-publish","hentry"],"acf":[],"yoast_head":"<!-- This site is optimized with the Yoast SEO plugin v20.13 - https:\/\/yoast.com\/wordpress\/plugins\/seo\/ -->\n<title>Coffee corner cosy \u00e0 Downtown Los Angeles | Mama Shelter<\/title>\n<meta name=\"description\" content=\"Venez profiter d&#039;une d\u00e9licieuse pause au coffee corner du Mama Shelter Downtown Los Angeles - id\u00e9al pour se d\u00e9tendre apr\u00e8s une journ\u00e9e bien remplie ou se relaxer entre amis ou en famille.\" \/>\n<meta name=\"robots\" content=\"index, follow, max-snippet:-1, max-image-preview:large, max-video-preview:-1\" \/>\n<link rel=\"canonical\" href=\"https:\/\/fr.mamashelter.com\/downtown-los-angeles\/restaurants\/coffee-corner\/\" \/>\n<meta property=\"og:locale\" content=\"fr_FR\" \/>\n<meta property=\"og:type\" content=\"article\" \/>\n<meta property=\"og:title\" content=\"Coffee corner cosy \u00e0 Downtown Los Angeles | Mama Shelter\" \/>\n<meta property=\"og:description\" content=\"Venez profiter d&#039;une d\u00e9licieuse pause au coffee corner du Mama Shelter Downtown Los Angeles - id\u00e9al pour se d\u00e9tendre apr\u00e8s une journ\u00e9e bien remplie ou se relaxer entre amis ou en famille.\" \/>\n<meta property=\"og:url\" content=\"https:\/\/fr.mamashelter.com\/downtown-los-angeles\/restaurants\/coffee-corner\/\" \/>\n<meta property=\"og:site_name\" content=\"Downtown Los Angeles\" \/>\n<meta property=\"article:modified_time\" content=\"2025-12-08T15:32:11+00:00\" \/>\n<meta name=\"twitter:card\" content=\"summary_large_image\" \/>\n<script type=\"application\/ld+json\" class=\"yoast-schema-graph\">{\"@context\":\"https:\/\/schema.org\",\"@graph\":[{\"@type\":\"WebPage\",\"@id\":\"https:\/\/fr.mamashelter.com\/downtown-los-angeles\/restaurants\/coffee-corner\/\",\"url\":\"https:\/\/fr.mamashelter.com\/downtown-los-angeles\/restaurants\/coffee-corner\/\",\"name\":\"Coffee corner cosy \u00e0 Downtown Los Angeles | Mama Shelter\",\"isPartOf\":{\"@id\":\"https:\/\/fr.mamashelter.com\/downtown-los-angeles\/#website\"},\"datePublished\":\"2025-12-03T10:35:52+00:00\",\"dateModified\":\"2025-12-08T15:32:11+00:00\",\"description\":\"Venez profiter d'une d\u00e9licieuse pause au coffee corner du Mama Shelter Downtown Los Angeles - id\u00e9al pour se d\u00e9tendre apr\u00e8s une journ\u00e9e bien remplie ou se relaxer entre amis ou en famille.\",\"breadcrumb\":{\"@id\":\"https:\/\/fr.mamashelter.com\/downtown-los-angeles\/restaurants\/coffee-corner\/#breadcrumb\"},\"inLanguage\":\"fr-FR\",\"potentialAction\":[{\"@type\":\"ReadAction\",\"target\":[\"https:\/\/fr.mamashelter.com\/downtown-los-angeles\/restaurants\/coffee-corner\/\"]}]},{\"@type\":\"BreadcrumbList\",\"@id\":\"https:\/\/fr.mamashelter.com\/downtown-los-angeles\/restaurants\/coffee-corner\/#breadcrumb\",\"itemListElement\":[{\"@type\":\"ListItem\",\"position\":1,\"name\":\"Home\",\"item\":\"https:\/\/fr.mamashelter.com\/downtown-los-angeles\/\"},{\"@type\":\"ListItem\",\"position\":2,\"name\":\"Manger &#038; Boire\",\"item\":\"https:\/\/fr.mamashelter.com\/downtown-los-angeles\/eat-drink\/\"},{\"@type\":\"ListItem\",\"position\":3,\"name\":\"Mama&#8217;s Kiss\"}]},{\"@type\":\"WebSite\",\"@id\":\"https:\/\/fr.mamashelter.com\/downtown-los-angeles\/#website\",\"url\":\"https:\/\/fr.mamashelter.com\/downtown-los-angeles\/\",\"name\":\"Downtown Los Angeles\",\"description\":\"Mama Shelter\",\"potentialAction\":[{\"@type\":\"SearchAction\",\"target\":{\"@type\":\"EntryPoint\",\"urlTemplate\":\"https:\/\/fr.mamashelter.com\/downtown-los-angeles\/?s={search_term_string}\"},\"query-input\":\"required name=search_term_string\"}],\"inLanguage\":\"fr-FR\"}]}<\/script>\n<!-- \/ Yoast SEO plugin. -->","yoast_head_json":{"title":"Coffee corner cosy \u00e0 Downtown Los Angeles | Mama Shelter","description":"Venez profiter d'une d\u00e9licieuse pause au coffee corner du Mama Shelter Downtown Los Angeles - id\u00e9al pour se d\u00e9tendre apr\u00e8s une journ\u00e9e bien remplie ou se relaxer entre amis ou en famille.","robots":{"index":"index","follow":"follow","max-snippet":"max-snippet:-1","max-image-preview":"max-image-preview:large","max-video-preview":"max-video-preview:-1"},"canonical":"https:\/\/fr.mamashelter.com\/downtown-los-angeles\/restaurants\/coffee-corner\/","og_locale":"fr_FR","og_type":"article","og_title":"Coffee corner cosy \u00e0 Downtown Los Angeles | Mama Shelter","og_description":"Venez profiter d'une d\u00e9licieuse pause au coffee corner du Mama Shelter Downtown Los Angeles - id\u00e9al pour se d\u00e9tendre apr\u00e8s une journ\u00e9e bien remplie ou se relaxer entre amis ou en famille.","og_url":"https:\/\/fr.mamashelter.com\/downtown-los-angeles\/restaurants\/coffee-corner\/","og_site_name":"Downtown Los Angeles","article_modified_time":"2025-12-08T15:32:11+00:00","twitter_card":"summary_large_image","schema":{"@context":"https:\/\/schema.org","@graph":[{"@type":"WebPage","@id":"https:\/\/fr.mamashelter.com\/downtown-los-angeles\/restaurants\/coffee-corner\/","url":"https:\/\/fr.mamashelter.com\/downtown-los-angeles\/restaurants\/coffee-corner\/","name":"Coffee corner cosy \u00e0 Downtown Los Angeles | Mama Shelter","isPartOf":{"@id":"https:\/\/fr.mamashelter.com\/downtown-los-angeles\/#website"},"datePublished":"2025-12-03T10:35:52+00:00","dateModified":"2025-12-08T15:32:11+00:00","description":"Venez profiter d'une d\u00e9licieuse pause au coffee corner du Mama Shelter Downtown Los Angeles - id\u00e9al pour se d\u00e9tendre apr\u00e8s une journ\u00e9e bien remplie ou se relaxer entre amis ou en famille.","breadcrumb":{"@id":"https:\/\/fr.mamashelter.com\/downtown-los-angeles\/restaurants\/coffee-corner\/#breadcrumb"},"inLanguage":"fr-FR","potentialAction":[{"@type":"ReadAction","target":["https:\/\/fr.mamashelter.com\/downtown-los-angeles\/restaurants\/coffee-corner\/"]}]},{"@type":"BreadcrumbList","@id":"https:\/\/fr.mamashelter.com\/downtown-los-angeles\/restaurants\/coffee-corner\/#breadcrumb","itemListElement":[{"@type":"ListItem","position":1,"name":"Home","item":"https:\/\/fr.mamashelter.com\/downtown-los-angeles\/"},{"@type":"ListItem","position":2,"name":"Manger &#038; Boire","item":"https:\/\/fr.mamashelter.com\/downtown-los-angeles\/eat-drink\/"},{"@type":"ListItem","position":3,"name":"Mama&#8217;s Kiss"}]},{"@type":"WebSite","@id":"https:\/\/fr.mamashelter.com\/downtown-los-angeles\/#website","url":"https:\/\/fr.mamashelter.com\/downtown-los-angeles\/","name":"Downtown Los Angeles","description":"Mama Shelter","potentialAction":[{"@type":"SearchAction","target":{"@type":"EntryPoint","urlTemplate":"https:\/\/fr.mamashelter.com\/downtown-los-angeles\/?s={search_term_string}"},"query-input":"required name=search_term_string"}],"inLanguage":"fr-FR"}]}},"jetpack_sharing_enabled":true,"_links":{"self":[{"href":"https:\/\/fr.mamashelter.com\/downtown-los-angeles\/wp-json\/wp\/v2\/pages\/8484","targetHints":{"allow":["GET"]}}],"collection":[{"href":"https:\/\/fr.mamashelter.com\/downtown-los-angeles\/wp-json\/wp\/v2\/pages"}],"about":[{"href":"https:\/\/fr.mamashelter.com\/downtown-los-angeles\/wp-json\/wp\/v2\/types\/page"}],"author":[{"embeddable":true,"href":"https:\/\/fr.mamashelter.com\/downtown-los-angeles\/wp-json\/wp\/v2\/users\/6"}],"replies":[{"embeddable":true,"href":"https:\/\/fr.mamashelter.com\/downtown-los-angeles\/wp-json\/wp\/v2\/comments?post=8484"}],"version-history":[{"count":1,"href":"https:\/\/fr.mamashelter.com\/downtown-los-angeles\/wp-json\/wp\/v2\/pages\/8484\/revisions"}],"predecessor-version":[{"id":8494,"href":"https:\/\/fr.mamashelter.com\/downtown-los-angeles\/wp-json\/wp\/v2\/pages\/8484\/revisions\/8494"}],"up":[{"embeddable":true,"href":"https:\/\/fr.mamashelter.com\/downtown-los-angeles\/wp-json\/wp\/v2\/pages\/1451"}],"wp:attachment":[{"href":"https:\/\/fr.mamashelter.com\/downtown-los-angeles\/wp-json\/wp\/v2\/media?parent=8484"}],"curies":[{"name":"wp","href":"https:\/\/api.w.org\/{rel}","templated":true}]}}