{"id":1560,"date":"2020-09-29T16:17:50","date_gmt":"2020-09-29T16:17:50","guid":{"rendered":"https:\/\/mamashelter.com\/dubai\/meeting-events\/"},"modified":"2026-04-15T13:52:51","modified_gmt":"2026-04-15T13:52:51","slug":"travailler-celebrer","status":"publish","type":"page","link":"https:\/\/fr.mamashelter.com\/dubai\/travailler-celebrer\/","title":{"rendered":"Travailler &#038; C\u00e9l\u00e9brer"},"content":{"rendered":"","protected":false},"excerpt":{"rendered":"","protected":false},"author":6,"featured_media":0,"parent":0,"menu_order":37,"comment_status":"closed","ping_status":"closed","template":"","meta":{"footnotes":""},"class_list":["post-1560","page","type-page","status-publish","hentry"],"acf":[],"yoast_head":"<!-- This site is optimized with the Yoast SEO plugin v20.13 - https:\/\/yoast.com\/wordpress\/plugins\/seo\/ -->\n<title>S\u00e9minaires, team-building et \u00e9v\u00e8nements \u00e0 Dubai | Mama Shelter<\/title>\n<meta name=\"description\" content=\"Organisez vos s\u00e9minaires, r\u00e9unions, \u00e9v\u00e9nements et team building avec votre \u00e9quipe dans un lieu unique et cozy au Mama Shelter Dubai.\" \/>\n<meta name=\"robots\" content=\"index, follow, max-snippet:-1, max-image-preview:large, max-video-preview:-1\" \/>\n<link rel=\"canonical\" href=\"https:\/\/fr.mamashelter.com\/dubai\/travailler-celebrer\/\" \/>\n<meta property=\"og:locale\" content=\"fr_FR\" \/>\n<meta property=\"og:type\" content=\"article\" \/>\n<meta property=\"og:title\" content=\"S\u00e9minaires, team-building et \u00e9v\u00e8nements \u00e0 Dubai | Mama Shelter\" \/>\n<meta property=\"og:description\" content=\"Organisez vos s\u00e9minaires, r\u00e9unions, \u00e9v\u00e9nements et team building avec votre \u00e9quipe dans un lieu unique et cozy au Mama Shelter Dubai.\" \/>\n<meta property=\"og:url\" content=\"https:\/\/fr.mamashelter.com\/dubai\/travailler-celebrer\/\" \/>\n<meta property=\"og:site_name\" content=\"Dubai\" \/>\n<meta property=\"article:modified_time\" content=\"2026-04-15T13:52:51+00:00\" \/>\n<meta name=\"twitter:card\" content=\"summary_large_image\" \/>\n<script type=\"application\/ld+json\" class=\"yoast-schema-graph\">{\"@context\":\"https:\/\/schema.org\",\"@graph\":[{\"@type\":\"WebPage\",\"@id\":\"https:\/\/fr.mamashelter.com\/dubai\/travailler-celebrer\/\",\"url\":\"https:\/\/fr.mamashelter.com\/dubai\/travailler-celebrer\/\",\"name\":\"S\u00e9minaires, team-building et \u00e9v\u00e8nements \u00e0 Dubai | Mama Shelter\",\"isPartOf\":{\"@id\":\"https:\/\/fr.mamashelter.com\/dubai\/#website\"},\"datePublished\":\"2020-09-29T16:17:50+00:00\",\"dateModified\":\"2026-04-15T13:52:51+00:00\",\"description\":\"Organisez vos s\u00e9minaires, r\u00e9unions, \u00e9v\u00e9nements et team building avec votre \u00e9quipe dans un lieu unique et cozy au Mama Shelter Dubai.\",\"breadcrumb\":{\"@id\":\"https:\/\/fr.mamashelter.com\/dubai\/travailler-celebrer\/#breadcrumb\"},\"inLanguage\":\"fr-FR\",\"potentialAction\":[{\"@type\":\"ReadAction\",\"target\":[\"https:\/\/fr.mamashelter.com\/dubai\/travailler-celebrer\/\"]}]},{\"@type\":\"BreadcrumbList\",\"@id\":\"https:\/\/fr.mamashelter.com\/dubai\/travailler-celebrer\/#breadcrumb\",\"itemListElement\":[{\"@type\":\"ListItem\",\"position\":1,\"name\":\"Home\",\"item\":\"https:\/\/fr.mamashelter.com\/dubai\/\"},{\"@type\":\"ListItem\",\"position\":2,\"name\":\"Travailler &#038; C\u00e9l\u00e9brer\"}]},{\"@type\":\"WebSite\",\"@id\":\"https:\/\/fr.mamashelter.com\/dubai\/#website\",\"url\":\"https:\/\/fr.mamashelter.com\/dubai\/\",\"name\":\"Dubai\",\"description\":\"Mama Shelter\",\"potentialAction\":[{\"@type\":\"SearchAction\",\"target\":{\"@type\":\"EntryPoint\",\"urlTemplate\":\"https:\/\/fr.mamashelter.com\/dubai\/?s={search_term_string}\"},\"query-input\":\"required name=search_term_string\"}],\"inLanguage\":\"fr-FR\"}]}<\/script>\n<!-- \/ Yoast SEO plugin. -->","yoast_head_json":{"title":"S\u00e9minaires, team-building et \u00e9v\u00e8nements \u00e0 Dubai | Mama Shelter","description":"Organisez vos s\u00e9minaires, r\u00e9unions, \u00e9v\u00e9nements et team building avec votre \u00e9quipe dans un lieu unique et cozy au Mama Shelter Dubai.","robots":{"index":"index","follow":"follow","max-snippet":"max-snippet:-1","max-image-preview":"max-image-preview:large","max-video-preview":"max-video-preview:-1"},"canonical":"https:\/\/fr.mamashelter.com\/dubai\/travailler-celebrer\/","og_locale":"fr_FR","og_type":"article","og_title":"S\u00e9minaires, team-building et \u00e9v\u00e8nements \u00e0 Dubai | Mama Shelter","og_description":"Organisez vos s\u00e9minaires, r\u00e9unions, \u00e9v\u00e9nements et team building avec votre \u00e9quipe dans un lieu unique et cozy au Mama Shelter Dubai.","og_url":"https:\/\/fr.mamashelter.com\/dubai\/travailler-celebrer\/","og_site_name":"Dubai","article_modified_time":"2026-04-15T13:52:51+00:00","twitter_card":"summary_large_image","schema":{"@context":"https:\/\/schema.org","@graph":[{"@type":"WebPage","@id":"https:\/\/fr.mamashelter.com\/dubai\/travailler-celebrer\/","url":"https:\/\/fr.mamashelter.com\/dubai\/travailler-celebrer\/","name":"S\u00e9minaires, team-building et \u00e9v\u00e8nements \u00e0 Dubai | Mama Shelter","isPartOf":{"@id":"https:\/\/fr.mamashelter.com\/dubai\/#website"},"datePublished":"2020-09-29T16:17:50+00:00","dateModified":"2026-04-15T13:52:51+00:00","description":"Organisez vos s\u00e9minaires, r\u00e9unions, \u00e9v\u00e9nements et team building avec votre \u00e9quipe dans un lieu unique et cozy au Mama Shelter Dubai.","breadcrumb":{"@id":"https:\/\/fr.mamashelter.com\/dubai\/travailler-celebrer\/#breadcrumb"},"inLanguage":"fr-FR","potentialAction":[{"@type":"ReadAction","target":["https:\/\/fr.mamashelter.com\/dubai\/travailler-celebrer\/"]}]},{"@type":"BreadcrumbList","@id":"https:\/\/fr.mamashelter.com\/dubai\/travailler-celebrer\/#breadcrumb","itemListElement":[{"@type":"ListItem","position":1,"name":"Home","item":"https:\/\/fr.mamashelter.com\/dubai\/"},{"@type":"ListItem","position":2,"name":"Travailler &#038; C\u00e9l\u00e9brer"}]},{"@type":"WebSite","@id":"https:\/\/fr.mamashelter.com\/dubai\/#website","url":"https:\/\/fr.mamashelter.com\/dubai\/","name":"Dubai","description":"Mama Shelter","potentialAction":[{"@type":"SearchAction","target":{"@type":"EntryPoint","urlTemplate":"https:\/\/fr.mamashelter.com\/dubai\/?s={search_term_string}"},"query-input":"required name=search_term_string"}],"inLanguage":"fr-FR"}]}},"parsely":{"version":"1.1.0","canonical_url":"https:\/\/dubai.mamashelter.com\/dubai\/travailler-celebrer\/","smart_links":{"inbound":0,"outbound":0},"traffic_boost_suggestions_count":0,"meta":{"@context":"https:\/\/schema.org","@type":"WebPage","headline":"Travailler &#038; C\u00e9l\u00e9brer","url":"https:\/\/fr.mamashelter.com\/dubai\/travailler-celebrer\/","mainEntityOfPage":{"@type":"WebPage","@id":"https:\/\/fr.mamashelter.com\/dubai\/travailler-celebrer\/"},"thumbnailUrl":"","image":{"@type":"ImageObject","url":""},"articleSection":"Non classifi\u00e9(e)","author":[{"@type":"Person","name":"callouche"}],"creator":["callouche"],"publisher":{"@type":"Organization","name":"Dubai","logo":""},"keywords":[],"dateCreated":"2020-09-29T16:17:50Z","datePublished":"2020-09-29T16:17:50Z","dateModified":"2026-04-15T13:52:51Z"},"rendered":"<meta name=\"parsely-title\" content=\"Travailler &#038; C\u00e9l\u00e9brer\" \/>\n<meta name=\"parsely-link\" content=\"https:\/\/fr.mamashelter.com\/dubai\/travailler-celebrer\/\" \/>\n<meta name=\"parsely-type\" content=\"index\" \/>\n<meta name=\"parsely-pub-date\" content=\"2020-09-29T16:17:50Z\" \/>\n<meta name=\"parsely-section\" content=\"Non classifi\u00e9(e)\" \/>\n<meta name=\"parsely-author\" content=\"callouche\" \/>","tracker_url":"https:\/\/cdn.parsely.com\/keys\/dubai.mamashelter.com\/p.js"},"jetpack_sharing_enabled":true,"_links":{"self":[{"href":"https:\/\/fr.mamashelter.com\/dubai\/wp-json\/wp\/v2\/pages\/1560","targetHints":{"allow":["GET"]}}],"collection":[{"href":"https:\/\/fr.mamashelter.com\/dubai\/wp-json\/wp\/v2\/pages"}],"about":[{"href":"https:\/\/fr.mamashelter.com\/dubai\/wp-json\/wp\/v2\/types\/page"}],"author":[{"embeddable":true,"href":"https:\/\/fr.mamashelter.com\/dubai\/wp-json\/wp\/v2\/users\/6"}],"replies":[{"embeddable":true,"href":"https:\/\/fr.mamashelter.com\/dubai\/wp-json\/wp\/v2\/comments?post=1560"}],"version-history":[{"count":1,"href":"https:\/\/fr.mamashelter.com\/dubai\/wp-json\/wp\/v2\/pages\/1560\/revisions"}],"predecessor-version":[{"id":6027,"href":"https:\/\/fr.mamashelter.com\/dubai\/wp-json\/wp\/v2\/pages\/1560\/revisions\/6027"}],"wp:attachment":[{"href":"https:\/\/fr.mamashelter.com\/dubai\/wp-json\/wp\/v2\/media?parent=1560"}],"curies":[{"name":"wp","href":"https:\/\/api.w.org\/{rel}","templated":true}]}}