{"id":6469,"date":"2024-12-04T15:27:12","date_gmt":"2024-12-04T15:27:12","guid":{"rendered":"https:\/\/mamashelter.com\/dubai\/?page_id=6469"},"modified":"2025-11-24T10:02:47","modified_gmt":"2025-11-24T10:02:47","slug":"mamms-bar","status":"publish","type":"page","link":"https:\/\/fr.mamashelter.com\/dubai\/restaurants\/mamms-bar\/","title":{"rendered":"Mamm&rsquo;s Bar"},"content":{"rendered":"","protected":false},"excerpt":{"rendered":"","protected":false},"author":6,"featured_media":0,"parent":1451,"menu_order":35,"comment_status":"closed","ping_status":"closed","template":"","meta":{"footnotes":""},"class_list":["post-6469","page","type-page","status-publish","hentry"],"acf":[],"yoast_head":"<!-- This site is optimized with the Yoast SEO plugin v20.13 - https:\/\/yoast.com\/wordpress\/plugins\/seo\/ -->\n<title>Bar \u00e0 cocktails &amp; musique \u00e0 Dubai | Mama Shelter<\/title>\n<meta name=\"description\" content=\"Profitez d&#039;une soir\u00e9e au Mamm&#039;s Bar du Mama Shelter Dubai: cocktails originaux &amp; musique. Mama vous attend !\" \/>\n<meta name=\"robots\" content=\"index, follow, max-snippet:-1, max-image-preview:large, max-video-preview:-1\" \/>\n<link rel=\"canonical\" href=\"https:\/\/fr.mamashelter.com\/dubai\/restaurants\/mamms-bar\/\" \/>\n<meta property=\"og:locale\" content=\"fr_FR\" \/>\n<meta property=\"og:type\" content=\"article\" \/>\n<meta property=\"og:title\" content=\"Bar \u00e0 cocktails &amp; musique \u00e0 Dubai | Mama Shelter\" \/>\n<meta property=\"og:description\" content=\"Profitez d&#039;une soir\u00e9e au Mamm&#039;s Bar du Mama Shelter Dubai: cocktails originaux &amp; musique. Mama vous attend !\" \/>\n<meta property=\"og:url\" content=\"https:\/\/fr.mamashelter.com\/dubai\/restaurants\/mamms-bar\/\" \/>\n<meta property=\"og:site_name\" content=\"Dubai\" \/>\n<meta property=\"article:modified_time\" content=\"2025-11-24T10:02:47+00:00\" \/>\n<meta name=\"twitter:card\" content=\"summary_large_image\" \/>\n<script type=\"application\/ld+json\" class=\"yoast-schema-graph\">{\"@context\":\"https:\/\/schema.org\",\"@graph\":[{\"@type\":\"WebPage\",\"@id\":\"https:\/\/fr.mamashelter.com\/dubai\/restaurants\/mamms-bar\/\",\"url\":\"https:\/\/fr.mamashelter.com\/dubai\/restaurants\/mamms-bar\/\",\"name\":\"Bar \u00e0 cocktails & musique \u00e0 Dubai | Mama Shelter\",\"isPartOf\":{\"@id\":\"https:\/\/fr.mamashelter.com\/dubai\/#website\"},\"datePublished\":\"2024-12-04T15:27:12+00:00\",\"dateModified\":\"2025-11-24T10:02:47+00:00\",\"description\":\"Profitez d'une soir\u00e9e au Mamm's Bar du Mama Shelter Dubai: cocktails originaux & musique. Mama vous attend !\",\"breadcrumb\":{\"@id\":\"https:\/\/fr.mamashelter.com\/dubai\/restaurants\/mamms-bar\/#breadcrumb\"},\"inLanguage\":\"fr-FR\",\"potentialAction\":[{\"@type\":\"ReadAction\",\"target\":[\"https:\/\/fr.mamashelter.com\/dubai\/restaurants\/mamms-bar\/\"]}]},{\"@type\":\"BreadcrumbList\",\"@id\":\"https:\/\/fr.mamashelter.com\/dubai\/restaurants\/mamms-bar\/#breadcrumb\",\"itemListElement\":[{\"@type\":\"ListItem\",\"position\":1,\"name\":\"Home\",\"item\":\"https:\/\/fr.mamashelter.com\/dubai\/\"},{\"@type\":\"ListItem\",\"position\":2,\"name\":\"Restaurants\",\"item\":\"https:\/\/fr.mamashelter.com\/dubai\/eat-drink\/\"},{\"@type\":\"ListItem\",\"position\":3,\"name\":\"Mamm&#8217;s Bar\"}]},{\"@type\":\"WebSite\",\"@id\":\"https:\/\/fr.mamashelter.com\/dubai\/#website\",\"url\":\"https:\/\/fr.mamashelter.com\/dubai\/\",\"name\":\"Dubai\",\"description\":\"Mama Shelter\",\"potentialAction\":[{\"@type\":\"SearchAction\",\"target\":{\"@type\":\"EntryPoint\",\"urlTemplate\":\"https:\/\/fr.mamashelter.com\/dubai\/?s={search_term_string}\"},\"query-input\":\"required name=search_term_string\"}],\"inLanguage\":\"fr-FR\"}]}<\/script>\n<!-- \/ Yoast SEO plugin. -->","yoast_head_json":{"title":"Bar \u00e0 cocktails & musique \u00e0 Dubai | Mama Shelter","description":"Profitez d'une soir\u00e9e au Mamm's Bar du Mama Shelter Dubai: cocktails originaux & musique. Mama vous attend !","robots":{"index":"index","follow":"follow","max-snippet":"max-snippet:-1","max-image-preview":"max-image-preview:large","max-video-preview":"max-video-preview:-1"},"canonical":"https:\/\/fr.mamashelter.com\/dubai\/restaurants\/mamms-bar\/","og_locale":"fr_FR","og_type":"article","og_title":"Bar \u00e0 cocktails & musique \u00e0 Dubai | Mama Shelter","og_description":"Profitez d'une soir\u00e9e au Mamm's Bar du Mama Shelter Dubai: cocktails originaux & musique. Mama vous attend !","og_url":"https:\/\/fr.mamashelter.com\/dubai\/restaurants\/mamms-bar\/","og_site_name":"Dubai","article_modified_time":"2025-11-24T10:02:47+00:00","twitter_card":"summary_large_image","schema":{"@context":"https:\/\/schema.org","@graph":[{"@type":"WebPage","@id":"https:\/\/fr.mamashelter.com\/dubai\/restaurants\/mamms-bar\/","url":"https:\/\/fr.mamashelter.com\/dubai\/restaurants\/mamms-bar\/","name":"Bar \u00e0 cocktails & musique \u00e0 Dubai | Mama Shelter","isPartOf":{"@id":"https:\/\/fr.mamashelter.com\/dubai\/#website"},"datePublished":"2024-12-04T15:27:12+00:00","dateModified":"2025-11-24T10:02:47+00:00","description":"Profitez d'une soir\u00e9e au Mamm's Bar du Mama Shelter Dubai: cocktails originaux & musique. Mama vous attend !","breadcrumb":{"@id":"https:\/\/fr.mamashelter.com\/dubai\/restaurants\/mamms-bar\/#breadcrumb"},"inLanguage":"fr-FR","potentialAction":[{"@type":"ReadAction","target":["https:\/\/fr.mamashelter.com\/dubai\/restaurants\/mamms-bar\/"]}]},{"@type":"BreadcrumbList","@id":"https:\/\/fr.mamashelter.com\/dubai\/restaurants\/mamms-bar\/#breadcrumb","itemListElement":[{"@type":"ListItem","position":1,"name":"Home","item":"https:\/\/fr.mamashelter.com\/dubai\/"},{"@type":"ListItem","position":2,"name":"Restaurants","item":"https:\/\/fr.mamashelter.com\/dubai\/eat-drink\/"},{"@type":"ListItem","position":3,"name":"Mamm&#8217;s Bar"}]},{"@type":"WebSite","@id":"https:\/\/fr.mamashelter.com\/dubai\/#website","url":"https:\/\/fr.mamashelter.com\/dubai\/","name":"Dubai","description":"Mama Shelter","potentialAction":[{"@type":"SearchAction","target":{"@type":"EntryPoint","urlTemplate":"https:\/\/fr.mamashelter.com\/dubai\/?s={search_term_string}"},"query-input":"required name=search_term_string"}],"inLanguage":"fr-FR"}]}},"parsely":{"version":"1.1.0","canonical_url":"https:\/\/dubai.mamashelter.com\/dubai\/restaurants\/mamms-bar\/","smart_links":{"inbound":0,"outbound":0},"traffic_boost_suggestions_count":0,"meta":{"@context":"https:\/\/schema.org","@type":"WebPage","headline":"Mamm&rsquo;s Bar","url":"https:\/\/fr.mamashelter.com\/dubai\/restaurants\/mamms-bar\/","mainEntityOfPage":{"@type":"WebPage","@id":"https:\/\/fr.mamashelter.com\/dubai\/restaurants\/mamms-bar\/"},"thumbnailUrl":"","image":{"@type":"ImageObject","url":""},"articleSection":"Non classifi\u00e9(e)","author":[{"@type":"Person","name":"callouche"}],"creator":["callouche"],"publisher":{"@type":"Organization","name":"Dubai","logo":""},"keywords":[],"dateCreated":"2024-12-04T15:27:12Z","datePublished":"2024-12-04T15:27:12Z","dateModified":"2025-11-24T10:02:47Z"},"rendered":"<meta name=\"parsely-title\" content=\"Mamm&rsquo;s Bar\" \/>\n<meta name=\"parsely-link\" content=\"https:\/\/fr.mamashelter.com\/dubai\/restaurants\/mamms-bar\/\" \/>\n<meta name=\"parsely-type\" content=\"index\" \/>\n<meta name=\"parsely-pub-date\" content=\"2024-12-04T15:27:12Z\" \/>\n<meta name=\"parsely-section\" content=\"Non classifi\u00e9(e)\" \/>\n<meta name=\"parsely-author\" content=\"callouche\" \/>","tracker_url":"https:\/\/cdn.parsely.com\/keys\/dubai.mamashelter.com\/p.js"},"jetpack_sharing_enabled":true,"_links":{"self":[{"href":"https:\/\/fr.mamashelter.com\/dubai\/wp-json\/wp\/v2\/pages\/6469","targetHints":{"allow":["GET"]}}],"collection":[{"href":"https:\/\/fr.mamashelter.com\/dubai\/wp-json\/wp\/v2\/pages"}],"about":[{"href":"https:\/\/fr.mamashelter.com\/dubai\/wp-json\/wp\/v2\/types\/page"}],"author":[{"embeddable":true,"href":"https:\/\/fr.mamashelter.com\/dubai\/wp-json\/wp\/v2\/users\/6"}],"replies":[{"embeddable":true,"href":"https:\/\/fr.mamashelter.com\/dubai\/wp-json\/wp\/v2\/comments?post=6469"}],"version-history":[{"count":1,"href":"https:\/\/fr.mamashelter.com\/dubai\/wp-json\/wp\/v2\/pages\/6469\/revisions"}],"predecessor-version":[{"id":6486,"href":"https:\/\/fr.mamashelter.com\/dubai\/wp-json\/wp\/v2\/pages\/6469\/revisions\/6486"}],"up":[{"embeddable":true,"href":"https:\/\/fr.mamashelter.com\/dubai\/wp-json\/wp\/v2\/pages\/1451"}],"wp:attachment":[{"href":"https:\/\/fr.mamashelter.com\/dubai\/wp-json\/wp\/v2\/media?parent=6469"}],"curies":[{"name":"wp","href":"https:\/\/api.w.org\/{rel}","templated":true}]}}