{"id":6665,"date":"2025-02-12T15:24:00","date_gmt":"2025-02-12T15:24:00","guid":{"rendered":"https:\/\/mamashelter.com\/dubai\/agenda-2\/"},"modified":"2025-09-26T13:32:46","modified_gmt":"2025-09-26T13:32:46","slug":"agenda","status":"publish","type":"page","link":"https:\/\/fr.mamashelter.com\/dubai\/agenda\/","title":{"rendered":"Agenda"},"content":{"rendered":"","protected":false},"excerpt":{"rendered":"","protected":false},"author":6,"featured_media":0,"parent":0,"menu_order":0,"comment_status":"closed","ping_status":"closed","template":"page-event.php","meta":{"footnotes":""},"class_list":["post-6665","page","type-page","status-publish","hentry"],"acf":[],"yoast_head":"<!-- This site is optimized with the Yoast SEO plugin v20.13 - https:\/\/yoast.com\/wordpress\/plugins\/seo\/ -->\n<title>Agenda des \u00e9v\u00e9nements, DJ set &amp; live \u00e0 Dubai | Mama Shelter<\/title>\n<meta name=\"description\" content=\"D\u00e9couvrez les \u00e9v\u00e9nements, DJ sets et live au Mama Shelter Dubai pour des soir\u00e9es m\u00e9morables.\" \/>\n<meta name=\"robots\" content=\"index, follow, max-snippet:-1, max-image-preview:large, max-video-preview:-1\" \/>\n<link rel=\"canonical\" href=\"https:\/\/fr.mamashelter.com\/dubai\/agenda\/\" \/>\n<meta property=\"og:locale\" content=\"fr_FR\" \/>\n<meta property=\"og:type\" content=\"article\" \/>\n<meta property=\"og:title\" content=\"Agenda des \u00e9v\u00e9nements, DJ set &amp; live \u00e0 Dubai | Mama Shelter\" \/>\n<meta property=\"og:description\" content=\"D\u00e9couvrez les \u00e9v\u00e9nements, DJ sets et live au Mama Shelter Dubai pour des soir\u00e9es m\u00e9morables.\" \/>\n<meta property=\"og:url\" content=\"https:\/\/fr.mamashelter.com\/dubai\/agenda\/\" \/>\n<meta property=\"og:site_name\" content=\"Dubai\" \/>\n<meta property=\"article:modified_time\" content=\"2025-09-26T13:32:46+00:00\" \/>\n<meta name=\"twitter:card\" content=\"summary_large_image\" \/>\n<script type=\"application\/ld+json\" class=\"yoast-schema-graph\">{\"@context\":\"https:\/\/schema.org\",\"@graph\":[{\"@type\":\"WebPage\",\"@id\":\"https:\/\/fr.mamashelter.com\/dubai\/agenda\/\",\"url\":\"https:\/\/fr.mamashelter.com\/dubai\/agenda\/\",\"name\":\"Agenda des \u00e9v\u00e9nements, DJ set & live \u00e0 Dubai | Mama Shelter\",\"isPartOf\":{\"@id\":\"https:\/\/fr.mamashelter.com\/dubai\/#website\"},\"datePublished\":\"2025-02-12T15:24:00+00:00\",\"dateModified\":\"2025-09-26T13:32:46+00:00\",\"description\":\"D\u00e9couvrez les \u00e9v\u00e9nements, DJ sets et live au Mama Shelter Dubai pour des soir\u00e9es m\u00e9morables.\",\"breadcrumb\":{\"@id\":\"https:\/\/fr.mamashelter.com\/dubai\/agenda\/#breadcrumb\"},\"inLanguage\":\"fr-FR\",\"potentialAction\":[{\"@type\":\"ReadAction\",\"target\":[\"https:\/\/fr.mamashelter.com\/dubai\/agenda\/\"]}]},{\"@type\":\"BreadcrumbList\",\"@id\":\"https:\/\/fr.mamashelter.com\/dubai\/agenda\/#breadcrumb\",\"itemListElement\":[{\"@type\":\"ListItem\",\"position\":1,\"name\":\"Home\",\"item\":\"https:\/\/fr.mamashelter.com\/dubai\/\"},{\"@type\":\"ListItem\",\"position\":2,\"name\":\"Agenda\"}]},{\"@type\":\"WebSite\",\"@id\":\"https:\/\/fr.mamashelter.com\/dubai\/#website\",\"url\":\"https:\/\/fr.mamashelter.com\/dubai\/\",\"name\":\"Dubai\",\"description\":\"Mama Shelter\",\"potentialAction\":[{\"@type\":\"SearchAction\",\"target\":{\"@type\":\"EntryPoint\",\"urlTemplate\":\"https:\/\/fr.mamashelter.com\/dubai\/?s={search_term_string}\"},\"query-input\":\"required name=search_term_string\"}],\"inLanguage\":\"fr-FR\"}]}<\/script>\n<!-- \/ Yoast SEO plugin. -->","yoast_head_json":{"title":"Agenda des \u00e9v\u00e9nements, DJ set & live \u00e0 Dubai | Mama Shelter","description":"D\u00e9couvrez les \u00e9v\u00e9nements, DJ sets et live au Mama Shelter Dubai pour des soir\u00e9es m\u00e9morables.","robots":{"index":"index","follow":"follow","max-snippet":"max-snippet:-1","max-image-preview":"max-image-preview:large","max-video-preview":"max-video-preview:-1"},"canonical":"https:\/\/fr.mamashelter.com\/dubai\/agenda\/","og_locale":"fr_FR","og_type":"article","og_title":"Agenda des \u00e9v\u00e9nements, DJ set & live \u00e0 Dubai | Mama Shelter","og_description":"D\u00e9couvrez les \u00e9v\u00e9nements, DJ sets et live au Mama Shelter Dubai pour des soir\u00e9es m\u00e9morables.","og_url":"https:\/\/fr.mamashelter.com\/dubai\/agenda\/","og_site_name":"Dubai","article_modified_time":"2025-09-26T13:32:46+00:00","twitter_card":"summary_large_image","schema":{"@context":"https:\/\/schema.org","@graph":[{"@type":"WebPage","@id":"https:\/\/fr.mamashelter.com\/dubai\/agenda\/","url":"https:\/\/fr.mamashelter.com\/dubai\/agenda\/","name":"Agenda des \u00e9v\u00e9nements, DJ set & live \u00e0 Dubai | Mama Shelter","isPartOf":{"@id":"https:\/\/fr.mamashelter.com\/dubai\/#website"},"datePublished":"2025-02-12T15:24:00+00:00","dateModified":"2025-09-26T13:32:46+00:00","description":"D\u00e9couvrez les \u00e9v\u00e9nements, DJ sets et live au Mama Shelter Dubai pour des soir\u00e9es m\u00e9morables.","breadcrumb":{"@id":"https:\/\/fr.mamashelter.com\/dubai\/agenda\/#breadcrumb"},"inLanguage":"fr-FR","potentialAction":[{"@type":"ReadAction","target":["https:\/\/fr.mamashelter.com\/dubai\/agenda\/"]}]},{"@type":"BreadcrumbList","@id":"https:\/\/fr.mamashelter.com\/dubai\/agenda\/#breadcrumb","itemListElement":[{"@type":"ListItem","position":1,"name":"Home","item":"https:\/\/fr.mamashelter.com\/dubai\/"},{"@type":"ListItem","position":2,"name":"Agenda"}]},{"@type":"WebSite","@id":"https:\/\/fr.mamashelter.com\/dubai\/#website","url":"https:\/\/fr.mamashelter.com\/dubai\/","name":"Dubai","description":"Mama Shelter","potentialAction":[{"@type":"SearchAction","target":{"@type":"EntryPoint","urlTemplate":"https:\/\/fr.mamashelter.com\/dubai\/?s={search_term_string}"},"query-input":"required name=search_term_string"}],"inLanguage":"fr-FR"}]}},"parsely":{"version":"1.1.0","canonical_url":"https:\/\/dubai.mamashelter.com\/dubai\/agenda\/","smart_links":{"inbound":0,"outbound":0},"traffic_boost_suggestions_count":0,"meta":{"@context":"https:\/\/schema.org","@type":"WebPage","headline":"Agenda","url":"https:\/\/fr.mamashelter.com\/dubai\/agenda\/","mainEntityOfPage":{"@type":"WebPage","@id":"https:\/\/fr.mamashelter.com\/dubai\/agenda\/"},"thumbnailUrl":"","image":{"@type":"ImageObject","url":""},"articleSection":"Non classifi\u00e9(e)","author":[{"@type":"Person","name":"callouche"}],"creator":["callouche"],"publisher":{"@type":"Organization","name":"Dubai","logo":""},"keywords":[],"dateCreated":"2025-02-12T15:24:00Z","datePublished":"2025-02-12T15:24:00Z","dateModified":"2025-09-26T13:32:46Z"},"rendered":"<meta name=\"parsely-title\" content=\"Agenda\" \/>\n<meta name=\"parsely-link\" content=\"https:\/\/fr.mamashelter.com\/dubai\/agenda\/\" \/>\n<meta name=\"parsely-type\" content=\"index\" \/>\n<meta name=\"parsely-pub-date\" content=\"2025-02-12T15:24:00Z\" \/>\n<meta name=\"parsely-section\" content=\"Non classifi\u00e9(e)\" \/>\n<meta name=\"parsely-author\" content=\"callouche\" \/>","tracker_url":"https:\/\/cdn.parsely.com\/keys\/dubai.mamashelter.com\/p.js"},"jetpack_sharing_enabled":true,"_links":{"self":[{"href":"https:\/\/fr.mamashelter.com\/dubai\/wp-json\/wp\/v2\/pages\/6665","targetHints":{"allow":["GET"]}}],"collection":[{"href":"https:\/\/fr.mamashelter.com\/dubai\/wp-json\/wp\/v2\/pages"}],"about":[{"href":"https:\/\/fr.mamashelter.com\/dubai\/wp-json\/wp\/v2\/types\/page"}],"author":[{"embeddable":true,"href":"https:\/\/fr.mamashelter.com\/dubai\/wp-json\/wp\/v2\/users\/6"}],"replies":[{"embeddable":true,"href":"https:\/\/fr.mamashelter.com\/dubai\/wp-json\/wp\/v2\/comments?post=6665"}],"version-history":[{"count":1,"href":"https:\/\/fr.mamashelter.com\/dubai\/wp-json\/wp\/v2\/pages\/6665\/revisions"}],"predecessor-version":[{"id":6670,"href":"https:\/\/fr.mamashelter.com\/dubai\/wp-json\/wp\/v2\/pages\/6665\/revisions\/6670"}],"wp:attachment":[{"href":"https:\/\/fr.mamashelter.com\/dubai\/wp-json\/wp\/v2\/media?parent=6665"}],"curies":[{"name":"wp","href":"https:\/\/api.w.org\/{rel}","templated":true}]}}