{"id":1960,"date":"2020-10-05T22:02:10","date_gmt":"2020-10-05T22:02:10","guid":{"rendered":"https:\/\/mamashelter.com\/lille\/explorer\/photos\/"},"modified":"2025-07-25T08:40:56","modified_gmt":"2025-07-25T08:40:56","slug":"photos","status":"publish","type":"page","link":"https:\/\/fr.mamashelter.com\/lille\/photos\/","title":{"rendered":"Photos"},"content":{"rendered":"<p><br data-mce-bogus=\"1\"><\/p>\n","protected":false},"excerpt":{"rendered":"","protected":false},"author":3,"featured_media":0,"parent":0,"menu_order":16,"comment_status":"closed","ping_status":"closed","template":"gallery.php","meta":{"footnotes":""},"class_list":["post-1960","page","type-page","status-publish","hentry"],"acf":[],"yoast_head":"<!-- This site is optimized with the Yoast SEO plugin v20.13 - https:\/\/yoast.com\/wordpress\/plugins\/seo\/ -->\n<title>D\u00e9couvrez en images votre s\u00e9jour \u00e0 Lille | Mama Shelter<\/title>\n<meta name=\"description\" content=\"D\u00e9couvrez le Mama Shelter Lille en images : Chambres, restaurant, salles de r\u00e9unions...\" \/>\n<meta name=\"robots\" content=\"index, follow, max-snippet:-1, max-image-preview:large, max-video-preview:-1\" \/>\n<link rel=\"canonical\" href=\"https:\/\/fr.mamashelter.com\/lille\/photos\/\" \/>\n<meta property=\"og:locale\" content=\"fr_FR\" \/>\n<meta property=\"og:type\" content=\"article\" \/>\n<meta property=\"og:title\" content=\"D\u00e9couvrez en images votre s\u00e9jour \u00e0 Lille | Mama Shelter\" \/>\n<meta property=\"og:description\" content=\"D\u00e9couvrez le Mama Shelter Lille en images : Chambres, restaurant, salles de r\u00e9unions...\" \/>\n<meta property=\"og:url\" content=\"https:\/\/fr.mamashelter.com\/lille\/photos\/\" \/>\n<meta property=\"og:site_name\" content=\"Lille\" \/>\n<meta property=\"article:modified_time\" content=\"2025-07-25T08:40:56+00:00\" \/>\n<meta name=\"twitter:card\" content=\"summary_large_image\" \/>\n<script type=\"application\/ld+json\" class=\"yoast-schema-graph\">{\"@context\":\"https:\/\/schema.org\",\"@graph\":[{\"@type\":\"WebPage\",\"@id\":\"https:\/\/fr.mamashelter.com\/lille\/photos\/\",\"url\":\"https:\/\/fr.mamashelter.com\/lille\/photos\/\",\"name\":\"D\u00e9couvrez en images votre s\u00e9jour \u00e0 Lille | Mama Shelter\",\"isPartOf\":{\"@id\":\"https:\/\/fr.mamashelter.com\/lille\/#website\"},\"datePublished\":\"2020-10-05T22:02:10+00:00\",\"dateModified\":\"2025-07-25T08:40:56+00:00\",\"description\":\"D\u00e9couvrez le Mama Shelter Lille en images : Chambres, restaurant, salles de r\u00e9unions...\",\"breadcrumb\":{\"@id\":\"https:\/\/fr.mamashelter.com\/lille\/photos\/#breadcrumb\"},\"inLanguage\":\"fr-FR\",\"potentialAction\":[{\"@type\":\"ReadAction\",\"target\":[\"https:\/\/fr.mamashelter.com\/lille\/photos\/\"]}]},{\"@type\":\"BreadcrumbList\",\"@id\":\"https:\/\/fr.mamashelter.com\/lille\/photos\/#breadcrumb\",\"itemListElement\":[{\"@type\":\"ListItem\",\"position\":1,\"name\":\"Home\",\"item\":\"https:\/\/fr.mamashelter.com\/lille\/\"},{\"@type\":\"ListItem\",\"position\":2,\"name\":\"Photos\"}]},{\"@type\":\"WebSite\",\"@id\":\"https:\/\/fr.mamashelter.com\/lille\/#website\",\"url\":\"https:\/\/fr.mamashelter.com\/lille\/\",\"name\":\"Lille\",\"description\":\"Mama Shelter\",\"potentialAction\":[{\"@type\":\"SearchAction\",\"target\":{\"@type\":\"EntryPoint\",\"urlTemplate\":\"https:\/\/fr.mamashelter.com\/lille\/?s={search_term_string}\"},\"query-input\":\"required name=search_term_string\"}],\"inLanguage\":\"fr-FR\"}]}<\/script>\n<!-- \/ Yoast SEO plugin. -->","yoast_head_json":{"title":"D\u00e9couvrez en images votre s\u00e9jour \u00e0 Lille | Mama Shelter","description":"D\u00e9couvrez le Mama Shelter Lille en images : Chambres, restaurant, salles de r\u00e9unions...","robots":{"index":"index","follow":"follow","max-snippet":"max-snippet:-1","max-image-preview":"max-image-preview:large","max-video-preview":"max-video-preview:-1"},"canonical":"https:\/\/fr.mamashelter.com\/lille\/photos\/","og_locale":"fr_FR","og_type":"article","og_title":"D\u00e9couvrez en images votre s\u00e9jour \u00e0 Lille | Mama Shelter","og_description":"D\u00e9couvrez le Mama Shelter Lille en images : Chambres, restaurant, salles de r\u00e9unions...","og_url":"https:\/\/fr.mamashelter.com\/lille\/photos\/","og_site_name":"Lille","article_modified_time":"2025-07-25T08:40:56+00:00","twitter_card":"summary_large_image","schema":{"@context":"https:\/\/schema.org","@graph":[{"@type":"WebPage","@id":"https:\/\/fr.mamashelter.com\/lille\/photos\/","url":"https:\/\/fr.mamashelter.com\/lille\/photos\/","name":"D\u00e9couvrez en images votre s\u00e9jour \u00e0 Lille | Mama Shelter","isPartOf":{"@id":"https:\/\/fr.mamashelter.com\/lille\/#website"},"datePublished":"2020-10-05T22:02:10+00:00","dateModified":"2025-07-25T08:40:56+00:00","description":"D\u00e9couvrez le Mama Shelter Lille en images : Chambres, restaurant, salles de r\u00e9unions...","breadcrumb":{"@id":"https:\/\/fr.mamashelter.com\/lille\/photos\/#breadcrumb"},"inLanguage":"fr-FR","potentialAction":[{"@type":"ReadAction","target":["https:\/\/fr.mamashelter.com\/lille\/photos\/"]}]},{"@type":"BreadcrumbList","@id":"https:\/\/fr.mamashelter.com\/lille\/photos\/#breadcrumb","itemListElement":[{"@type":"ListItem","position":1,"name":"Home","item":"https:\/\/fr.mamashelter.com\/lille\/"},{"@type":"ListItem","position":2,"name":"Photos"}]},{"@type":"WebSite","@id":"https:\/\/fr.mamashelter.com\/lille\/#website","url":"https:\/\/fr.mamashelter.com\/lille\/","name":"Lille","description":"Mama Shelter","potentialAction":[{"@type":"SearchAction","target":{"@type":"EntryPoint","urlTemplate":"https:\/\/fr.mamashelter.com\/lille\/?s={search_term_string}"},"query-input":"required name=search_term_string"}],"inLanguage":"fr-FR"}]}},"jetpack_sharing_enabled":true,"_links":{"self":[{"href":"https:\/\/fr.mamashelter.com\/lille\/wp-json\/wp\/v2\/pages\/1960","targetHints":{"allow":["GET"]}}],"collection":[{"href":"https:\/\/fr.mamashelter.com\/lille\/wp-json\/wp\/v2\/pages"}],"about":[{"href":"https:\/\/fr.mamashelter.com\/lille\/wp-json\/wp\/v2\/types\/page"}],"author":[{"embeddable":true,"href":"https:\/\/fr.mamashelter.com\/lille\/wp-json\/wp\/v2\/users\/3"}],"replies":[{"embeddable":true,"href":"https:\/\/fr.mamashelter.com\/lille\/wp-json\/wp\/v2\/comments?post=1960"}],"version-history":[{"count":1,"href":"https:\/\/fr.mamashelter.com\/lille\/wp-json\/wp\/v2\/pages\/1960\/revisions"}],"predecessor-version":[{"id":5887,"href":"https:\/\/fr.mamashelter.com\/lille\/wp-json\/wp\/v2\/pages\/1960\/revisions\/5887"}],"wp:attachment":[{"href":"https:\/\/fr.mamashelter.com\/lille\/wp-json\/wp\/v2\/media?parent=1960"}],"curies":[{"name":"wp","href":"https:\/\/api.w.org\/{rel}","templated":true}]}}