{"id":2989,"date":"2020-11-03T17:48:35","date_gmt":"2020-11-03T17:48:35","guid":{"rendered":"https:\/\/mamashelter.com\/lisbon\/explorer\/agenda-2\/"},"modified":"2025-09-18T15:37:21","modified_gmt":"2025-09-18T15:37:21","slug":"agenda","status":"publish","type":"page","link":"https:\/\/fr.mamashelter.com\/lisboa\/agenda\/","title":{"rendered":"Agenda"},"content":{"rendered":"","protected":false},"excerpt":{"rendered":"","protected":false},"author":45,"featured_media":9720,"parent":0,"menu_order":16,"comment_status":"closed","ping_status":"closed","template":"page-event.php","meta":{"footnotes":""},"class_list":["post-2989","page","type-page","status-publish","has-post-thumbnail","hentry"],"acf":[],"yoast_head":"<!-- This site is optimized with the Yoast SEO plugin v20.13 - https:\/\/yoast.com\/wordpress\/plugins\/seo\/ -->\n<title>Agenda des \u00e9v\u00e9nements, DJ set &amp; live \u00e0 Lisboa | Mama Shelter<\/title>\n<meta name=\"description\" content=\"D\u00e9couvrez les \u00e9v\u00e9nements, DJ sets et live au Mama Shelter Lisboa pour des soir\u00e9es m\u00e9morables.\" \/>\n<meta name=\"robots\" content=\"index, follow, max-snippet:-1, max-image-preview:large, max-video-preview:-1\" \/>\n<link rel=\"canonical\" href=\"https:\/\/fr.mamashelter.com\/lisboa\/agenda\/\" \/>\n<meta property=\"og:locale\" content=\"fr_FR\" \/>\n<meta property=\"og:type\" content=\"article\" \/>\n<meta property=\"og:title\" content=\"Agenda des \u00e9v\u00e9nements, DJ set &amp; live \u00e0 Lisboa | Mama Shelter\" \/>\n<meta property=\"og:description\" content=\"D\u00e9couvrez les \u00e9v\u00e9nements, DJ sets et live au Mama Shelter Lisboa pour des soir\u00e9es m\u00e9morables.\" \/>\n<meta property=\"og:url\" content=\"https:\/\/fr.mamashelter.com\/lisboa\/agenda\/\" \/>\n<meta property=\"og:site_name\" content=\"Lisboa\" \/>\n<meta property=\"article:modified_time\" content=\"2025-09-18T15:37:21+00:00\" \/>\n<meta property=\"og:image\" content=\"https:\/\/fr.mamashelter.com\/lisboa\/wp-content\/uploads\/sites\/30\/2022\/10\/Copia-de-ezgif.com-gif-maker-1.jpg\" \/>\n\t<meta property=\"og:image:width\" content=\"1080\" \/>\n\t<meta property=\"og:image:height\" content=\"855\" \/>\n\t<meta property=\"og:image:type\" content=\"image\/jpeg\" \/>\n<meta name=\"twitter:card\" content=\"summary_large_image\" \/>\n<script type=\"application\/ld+json\" class=\"yoast-schema-graph\">{\"@context\":\"https:\/\/schema.org\",\"@graph\":[{\"@type\":\"WebPage\",\"@id\":\"https:\/\/fr.mamashelter.com\/lisboa\/agenda\/\",\"url\":\"https:\/\/fr.mamashelter.com\/lisboa\/agenda\/\",\"name\":\"Agenda des \u00e9v\u00e9nements, DJ set & live \u00e0 Lisboa | Mama Shelter\",\"isPartOf\":{\"@id\":\"https:\/\/fr.mamashelter.com\/lisboa\/#website\"},\"datePublished\":\"2020-11-03T17:48:35+00:00\",\"dateModified\":\"2025-09-18T15:37:21+00:00\",\"description\":\"D\u00e9couvrez les \u00e9v\u00e9nements, DJ sets et live au Mama Shelter Lisboa pour des soir\u00e9es m\u00e9morables.\",\"breadcrumb\":{\"@id\":\"https:\/\/fr.mamashelter.com\/lisboa\/agenda\/#breadcrumb\"},\"inLanguage\":\"fr-FR\",\"potentialAction\":[{\"@type\":\"ReadAction\",\"target\":[\"https:\/\/fr.mamashelter.com\/lisboa\/agenda\/\"]}]},{\"@type\":\"BreadcrumbList\",\"@id\":\"https:\/\/fr.mamashelter.com\/lisboa\/agenda\/#breadcrumb\",\"itemListElement\":[{\"@type\":\"ListItem\",\"position\":1,\"name\":\"Home\",\"item\":\"https:\/\/fr.mamashelter.com\/lisboa\/\"},{\"@type\":\"ListItem\",\"position\":2,\"name\":\"Agenda\"}]},{\"@type\":\"WebSite\",\"@id\":\"https:\/\/fr.mamashelter.com\/lisboa\/#website\",\"url\":\"https:\/\/fr.mamashelter.com\/lisboa\/\",\"name\":\"Lisboa\",\"description\":\"Mama Shelter\",\"potentialAction\":[{\"@type\":\"SearchAction\",\"target\":{\"@type\":\"EntryPoint\",\"urlTemplate\":\"https:\/\/fr.mamashelter.com\/lisboa\/?s={search_term_string}\"},\"query-input\":\"required name=search_term_string\"}],\"inLanguage\":\"fr-FR\"}]}<\/script>\n<!-- \/ Yoast SEO plugin. -->","yoast_head_json":{"title":"Agenda des \u00e9v\u00e9nements, DJ set & live \u00e0 Lisboa | Mama Shelter","description":"D\u00e9couvrez les \u00e9v\u00e9nements, DJ sets et live au Mama Shelter Lisboa pour des soir\u00e9es m\u00e9morables.","robots":{"index":"index","follow":"follow","max-snippet":"max-snippet:-1","max-image-preview":"max-image-preview:large","max-video-preview":"max-video-preview:-1"},"canonical":"https:\/\/fr.mamashelter.com\/lisboa\/agenda\/","og_locale":"fr_FR","og_type":"article","og_title":"Agenda des \u00e9v\u00e9nements, DJ set & live \u00e0 Lisboa | Mama Shelter","og_description":"D\u00e9couvrez les \u00e9v\u00e9nements, DJ sets et live au Mama Shelter Lisboa pour des soir\u00e9es m\u00e9morables.","og_url":"https:\/\/fr.mamashelter.com\/lisboa\/agenda\/","og_site_name":"Lisboa","article_modified_time":"2025-09-18T15:37:21+00:00","og_image":[{"width":1080,"height":855,"url":"https:\/\/fr.mamashelter.com\/lisboa\/wp-content\/uploads\/sites\/30\/2022\/10\/Copia-de-ezgif.com-gif-maker-1.jpg","type":"image\/jpeg"}],"twitter_card":"summary_large_image","schema":{"@context":"https:\/\/schema.org","@graph":[{"@type":"WebPage","@id":"https:\/\/fr.mamashelter.com\/lisboa\/agenda\/","url":"https:\/\/fr.mamashelter.com\/lisboa\/agenda\/","name":"Agenda des \u00e9v\u00e9nements, DJ set & live \u00e0 Lisboa | Mama Shelter","isPartOf":{"@id":"https:\/\/fr.mamashelter.com\/lisboa\/#website"},"datePublished":"2020-11-03T17:48:35+00:00","dateModified":"2025-09-18T15:37:21+00:00","description":"D\u00e9couvrez les \u00e9v\u00e9nements, DJ sets et live au Mama Shelter Lisboa pour des soir\u00e9es m\u00e9morables.","breadcrumb":{"@id":"https:\/\/fr.mamashelter.com\/lisboa\/agenda\/#breadcrumb"},"inLanguage":"fr-FR","potentialAction":[{"@type":"ReadAction","target":["https:\/\/fr.mamashelter.com\/lisboa\/agenda\/"]}]},{"@type":"BreadcrumbList","@id":"https:\/\/fr.mamashelter.com\/lisboa\/agenda\/#breadcrumb","itemListElement":[{"@type":"ListItem","position":1,"name":"Home","item":"https:\/\/fr.mamashelter.com\/lisboa\/"},{"@type":"ListItem","position":2,"name":"Agenda"}]},{"@type":"WebSite","@id":"https:\/\/fr.mamashelter.com\/lisboa\/#website","url":"https:\/\/fr.mamashelter.com\/lisboa\/","name":"Lisboa","description":"Mama Shelter","potentialAction":[{"@type":"SearchAction","target":{"@type":"EntryPoint","urlTemplate":"https:\/\/fr.mamashelter.com\/lisboa\/?s={search_term_string}"},"query-input":"required name=search_term_string"}],"inLanguage":"fr-FR"}]}},"jetpack_sharing_enabled":true,"_links":{"self":[{"href":"https:\/\/fr.mamashelter.com\/lisboa\/wp-json\/wp\/v2\/pages\/2989","targetHints":{"allow":["GET"]}}],"collection":[{"href":"https:\/\/fr.mamashelter.com\/lisboa\/wp-json\/wp\/v2\/pages"}],"about":[{"href":"https:\/\/fr.mamashelter.com\/lisboa\/wp-json\/wp\/v2\/types\/page"}],"author":[{"embeddable":true,"href":"https:\/\/fr.mamashelter.com\/lisboa\/wp-json\/wp\/v2\/users\/45"}],"replies":[{"embeddable":true,"href":"https:\/\/fr.mamashelter.com\/lisboa\/wp-json\/wp\/v2\/comments?post=2989"}],"version-history":[{"count":1,"href":"https:\/\/fr.mamashelter.com\/lisboa\/wp-json\/wp\/v2\/pages\/2989\/revisions"}],"predecessor-version":[{"id":10887,"href":"https:\/\/fr.mamashelter.com\/lisboa\/wp-json\/wp\/v2\/pages\/2989\/revisions\/10887"}],"wp:featuredmedia":[{"embeddable":true,"href":"https:\/\/fr.mamashelter.com\/lisboa\/wp-json\/wp\/v2\/media\/9720"}],"wp:attachment":[{"href":"https:\/\/fr.mamashelter.com\/lisboa\/wp-json\/wp\/v2\/media?parent=2989"}],"curies":[{"name":"wp","href":"https:\/\/api.w.org\/{rel}","templated":true}]}}