{"id":1467,"date":"2020-10-01T08:10:27","date_gmt":"2020-10-01T08:10:27","guid":{"rendered":"https:\/\/mamashelter.com\/nice\/restaurants\/restaurants-rooftop\/"},"modified":"2025-11-20T17:28:28","modified_gmt":"2025-11-20T17:28:28","slug":"rooftop","status":"publish","type":"page","link":"https:\/\/fr.mamashelter.com\/nice\/restaurants\/rooftop\/","title":{"rendered":"Rooftop"},"content":{"rendered":"","protected":false},"excerpt":{"rendered":"","protected":false},"author":7,"featured_media":0,"parent":1451,"menu_order":34,"comment_status":"closed","ping_status":"closed","template":"","meta":{"footnotes":""},"class_list":["post-1467","page","type-page","status-publish","hentry"],"acf":[],"yoast_head":"<!-- This site is optimized with the Yoast SEO plugin v20.13 - https:\/\/yoast.com\/wordpress\/plugins\/seo\/ -->\n<title>Restaurant et rooftop \u00e0 Nice | Mama Shelter<\/title>\n<meta name=\"description\" content=\"D\u00e9couvrez le restaurant et rooftop du Mama Shelter Nice : sirotez un cocktail et d\u00e9gustez nos plats fait-maison en admirant la vue.\" \/>\n<meta name=\"robots\" content=\"index, follow, max-snippet:-1, max-image-preview:large, max-video-preview:-1\" \/>\n<link rel=\"canonical\" href=\"https:\/\/fr.mamashelter.com\/nice\/restaurants\/rooftop\/\" \/>\n<meta property=\"og:locale\" content=\"fr_FR\" \/>\n<meta property=\"og:type\" content=\"article\" \/>\n<meta property=\"og:title\" content=\"Restaurant et rooftop \u00e0 Nice | Mama Shelter\" \/>\n<meta property=\"og:description\" content=\"D\u00e9couvrez le restaurant et rooftop du Mama Shelter Nice : sirotez un cocktail et d\u00e9gustez nos plats fait-maison en admirant la vue.\" \/>\n<meta property=\"og:url\" content=\"https:\/\/fr.mamashelter.com\/nice\/restaurants\/rooftop\/\" \/>\n<meta property=\"og:site_name\" content=\"Nice\" \/>\n<meta property=\"article:modified_time\" content=\"2025-11-20T17:28:28+00:00\" \/>\n<meta name=\"twitter:card\" content=\"summary_large_image\" \/>\n<script type=\"application\/ld+json\" class=\"yoast-schema-graph\">{\"@context\":\"https:\/\/schema.org\",\"@graph\":[{\"@type\":\"WebPage\",\"@id\":\"https:\/\/fr.mamashelter.com\/nice\/restaurants\/rooftop\/\",\"url\":\"https:\/\/fr.mamashelter.com\/nice\/restaurants\/rooftop\/\",\"name\":\"Restaurant et rooftop \u00e0 Nice | Mama Shelter\",\"isPartOf\":{\"@id\":\"https:\/\/fr.mamashelter.com\/nice\/#website\"},\"datePublished\":\"2020-10-01T08:10:27+00:00\",\"dateModified\":\"2025-11-20T17:28:28+00:00\",\"description\":\"D\u00e9couvrez le restaurant et rooftop du Mama Shelter Nice : sirotez un cocktail et d\u00e9gustez nos plats fait-maison en admirant la vue.\",\"breadcrumb\":{\"@id\":\"https:\/\/fr.mamashelter.com\/nice\/restaurants\/rooftop\/#breadcrumb\"},\"inLanguage\":\"fr-FR\",\"potentialAction\":[{\"@type\":\"ReadAction\",\"target\":[\"https:\/\/fr.mamashelter.com\/nice\/restaurants\/rooftop\/\"]}]},{\"@type\":\"BreadcrumbList\",\"@id\":\"https:\/\/fr.mamashelter.com\/nice\/restaurants\/rooftop\/#breadcrumb\",\"itemListElement\":[{\"@type\":\"ListItem\",\"position\":1,\"name\":\"Home\",\"item\":\"https:\/\/fr.mamashelter.com\/nice\/\"},{\"@type\":\"ListItem\",\"position\":2,\"name\":\"Manger &#038; Boire\",\"item\":\"https:\/\/fr.mamashelter.com\/nice\/eat-drink\/\"},{\"@type\":\"ListItem\",\"position\":3,\"name\":\"Rooftop\"}]},{\"@type\":\"WebSite\",\"@id\":\"https:\/\/fr.mamashelter.com\/nice\/#website\",\"url\":\"https:\/\/fr.mamashelter.com\/nice\/\",\"name\":\"Nice\",\"description\":\"Mama Shelter\",\"potentialAction\":[{\"@type\":\"SearchAction\",\"target\":{\"@type\":\"EntryPoint\",\"urlTemplate\":\"https:\/\/fr.mamashelter.com\/nice\/?s={search_term_string}\"},\"query-input\":\"required name=search_term_string\"}],\"inLanguage\":\"fr-FR\"}]}<\/script>\n<!-- \/ Yoast SEO plugin. -->","yoast_head_json":{"title":"Restaurant et rooftop \u00e0 Nice | Mama Shelter","description":"D\u00e9couvrez le restaurant et rooftop du Mama Shelter Nice : sirotez un cocktail et d\u00e9gustez nos plats fait-maison en admirant la vue.","robots":{"index":"index","follow":"follow","max-snippet":"max-snippet:-1","max-image-preview":"max-image-preview:large","max-video-preview":"max-video-preview:-1"},"canonical":"https:\/\/fr.mamashelter.com\/nice\/restaurants\/rooftop\/","og_locale":"fr_FR","og_type":"article","og_title":"Restaurant et rooftop \u00e0 Nice | Mama Shelter","og_description":"D\u00e9couvrez le restaurant et rooftop du Mama Shelter Nice : sirotez un cocktail et d\u00e9gustez nos plats fait-maison en admirant la vue.","og_url":"https:\/\/fr.mamashelter.com\/nice\/restaurants\/rooftop\/","og_site_name":"Nice","article_modified_time":"2025-11-20T17:28:28+00:00","twitter_card":"summary_large_image","schema":{"@context":"https:\/\/schema.org","@graph":[{"@type":"WebPage","@id":"https:\/\/fr.mamashelter.com\/nice\/restaurants\/rooftop\/","url":"https:\/\/fr.mamashelter.com\/nice\/restaurants\/rooftop\/","name":"Restaurant et rooftop \u00e0 Nice | Mama Shelter","isPartOf":{"@id":"https:\/\/fr.mamashelter.com\/nice\/#website"},"datePublished":"2020-10-01T08:10:27+00:00","dateModified":"2025-11-20T17:28:28+00:00","description":"D\u00e9couvrez le restaurant et rooftop du Mama Shelter Nice : sirotez un cocktail et d\u00e9gustez nos plats fait-maison en admirant la vue.","breadcrumb":{"@id":"https:\/\/fr.mamashelter.com\/nice\/restaurants\/rooftop\/#breadcrumb"},"inLanguage":"fr-FR","potentialAction":[{"@type":"ReadAction","target":["https:\/\/fr.mamashelter.com\/nice\/restaurants\/rooftop\/"]}]},{"@type":"BreadcrumbList","@id":"https:\/\/fr.mamashelter.com\/nice\/restaurants\/rooftop\/#breadcrumb","itemListElement":[{"@type":"ListItem","position":1,"name":"Home","item":"https:\/\/fr.mamashelter.com\/nice\/"},{"@type":"ListItem","position":2,"name":"Manger &#038; Boire","item":"https:\/\/fr.mamashelter.com\/nice\/eat-drink\/"},{"@type":"ListItem","position":3,"name":"Rooftop"}]},{"@type":"WebSite","@id":"https:\/\/fr.mamashelter.com\/nice\/#website","url":"https:\/\/fr.mamashelter.com\/nice\/","name":"Nice","description":"Mama Shelter","potentialAction":[{"@type":"SearchAction","target":{"@type":"EntryPoint","urlTemplate":"https:\/\/fr.mamashelter.com\/nice\/?s={search_term_string}"},"query-input":"required name=search_term_string"}],"inLanguage":"fr-FR"}]}},"_links":{"self":[{"href":"https:\/\/fr.mamashelter.com\/nice\/wp-json\/wp\/v2\/pages\/1467","targetHints":{"allow":["GET"]}}],"collection":[{"href":"https:\/\/fr.mamashelter.com\/nice\/wp-json\/wp\/v2\/pages"}],"about":[{"href":"https:\/\/fr.mamashelter.com\/nice\/wp-json\/wp\/v2\/types\/page"}],"author":[{"embeddable":true,"href":"https:\/\/fr.mamashelter.com\/nice\/wp-json\/wp\/v2\/users\/7"}],"replies":[{"embeddable":true,"href":"https:\/\/fr.mamashelter.com\/nice\/wp-json\/wp\/v2\/comments?post=1467"}],"version-history":[{"count":2,"href":"https:\/\/fr.mamashelter.com\/nice\/wp-json\/wp\/v2\/pages\/1467\/revisions"}],"predecessor-version":[{"id":7573,"href":"https:\/\/fr.mamashelter.com\/nice\/wp-json\/wp\/v2\/pages\/1467\/revisions\/7573"}],"up":[{"embeddable":true,"href":"https:\/\/fr.mamashelter.com\/nice\/wp-json\/wp\/v2\/pages\/1451"}],"wp:attachment":[{"href":"https:\/\/fr.mamashelter.com\/nice\/wp-json\/wp\/v2\/media?parent=1467"}],"curies":[{"name":"wp","href":"https:\/\/api.w.org\/{rel}","templated":true}]}}