{"id":1470,"date":"2020-10-01T08:19:15","date_gmt":"2020-10-01T08:19:15","guid":{"rendered":"https:\/\/mamashelter.com\/paris-la-defense\/restaurants\/restaurants-bar\/"},"modified":"2025-11-20T17:16:15","modified_gmt":"2025-11-20T17:16:15","slug":"sports-bar","status":"publish","type":"page","link":"https:\/\/fr.mamashelter.com\/paris-la-defense\/restaurants\/sports-bar\/","title":{"rendered":"Sports Bar"},"content":{"rendered":"","protected":false},"excerpt":{"rendered":"","protected":false},"author":7,"featured_media":0,"parent":1451,"menu_order":7,"comment_status":"closed","ping_status":"closed","template":"","meta":{"footnotes":""},"class_list":["post-1470","page","type-page","status-publish","hentry"],"acf":[],"yoast_head":"<!-- This site is optimized with the Yoast SEO plugin v20.13 - https:\/\/yoast.com\/wordpress\/plugins\/seo\/ -->\n<title>Bar \u00e0 cocktails &amp; DJ sets \u00e0 Paris La D\u00e9fense | Mama Shelter<\/title>\n<meta name=\"description\" content=\"Profitez d&#039;une soir\u00e9e au bar du Mama Shelter Paris La D\u00e9fense: cocktails originaux &amp; DJ sets, lives. Mama vous attend !\" \/>\n<meta name=\"robots\" content=\"index, follow, max-snippet:-1, max-image-preview:large, max-video-preview:-1\" \/>\n<link rel=\"canonical\" href=\"https:\/\/fr.mamashelter.com\/paris-la-defense\/restaurants\/sports-bar\/\" \/>\n<meta property=\"og:locale\" content=\"fr_FR\" \/>\n<meta property=\"og:type\" content=\"article\" \/>\n<meta property=\"og:title\" content=\"Bar \u00e0 cocktails &amp; DJ sets \u00e0 Paris La D\u00e9fense | Mama Shelter\" \/>\n<meta property=\"og:description\" content=\"Profitez d&#039;une soir\u00e9e au bar du Mama Shelter Paris La D\u00e9fense: cocktails originaux &amp; DJ sets, lives. Mama vous attend !\" \/>\n<meta property=\"og:url\" content=\"https:\/\/fr.mamashelter.com\/paris-la-defense\/restaurants\/sports-bar\/\" \/>\n<meta property=\"og:site_name\" content=\"Paris La D\u00e9fense\" \/>\n<meta property=\"article:modified_time\" content=\"2025-11-20T17:16:15+00:00\" \/>\n<meta name=\"twitter:card\" content=\"summary_large_image\" \/>\n<script type=\"application\/ld+json\" class=\"yoast-schema-graph\">{\"@context\":\"https:\/\/schema.org\",\"@graph\":[{\"@type\":\"WebPage\",\"@id\":\"https:\/\/fr.mamashelter.com\/paris-la-defense\/restaurants\/sports-bar\/\",\"url\":\"https:\/\/fr.mamashelter.com\/paris-la-defense\/restaurants\/sports-bar\/\",\"name\":\"Bar \u00e0 cocktails & DJ sets \u00e0 Paris La D\u00e9fense | Mama Shelter\",\"isPartOf\":{\"@id\":\"https:\/\/fr.mamashelter.com\/paris-la-defense\/#website\"},\"datePublished\":\"2020-10-01T08:19:15+00:00\",\"dateModified\":\"2025-11-20T17:16:15+00:00\",\"description\":\"Profitez d'une soir\u00e9e au bar du Mama Shelter Paris La D\u00e9fense: cocktails originaux & DJ sets, lives. Mama vous attend !\",\"breadcrumb\":{\"@id\":\"https:\/\/fr.mamashelter.com\/paris-la-defense\/restaurants\/sports-bar\/#breadcrumb\"},\"inLanguage\":\"fr-FR\",\"potentialAction\":[{\"@type\":\"ReadAction\",\"target\":[\"https:\/\/fr.mamashelter.com\/paris-la-defense\/restaurants\/sports-bar\/\"]}]},{\"@type\":\"BreadcrumbList\",\"@id\":\"https:\/\/fr.mamashelter.com\/paris-la-defense\/restaurants\/sports-bar\/#breadcrumb\",\"itemListElement\":[{\"@type\":\"ListItem\",\"position\":1,\"name\":\"Home\",\"item\":\"https:\/\/fr.mamashelter.com\/paris-la-defense\/\"},{\"@type\":\"ListItem\",\"position\":2,\"name\":\"Manger &#038; Boire\",\"item\":\"https:\/\/fr.mamashelter.com\/paris-la-defense\/eat-drink\/\"},{\"@type\":\"ListItem\",\"position\":3,\"name\":\"Sports Bar\"}]},{\"@type\":\"WebSite\",\"@id\":\"https:\/\/fr.mamashelter.com\/paris-la-defense\/#website\",\"url\":\"https:\/\/fr.mamashelter.com\/paris-la-defense\/\",\"name\":\"Paris La D\u00e9fense\",\"description\":\"Mama Shelter\",\"potentialAction\":[{\"@type\":\"SearchAction\",\"target\":{\"@type\":\"EntryPoint\",\"urlTemplate\":\"https:\/\/fr.mamashelter.com\/paris-la-defense\/?s={search_term_string}\"},\"query-input\":\"required name=search_term_string\"}],\"inLanguage\":\"fr-FR\"}]}<\/script>\n<!-- \/ Yoast SEO plugin. -->","yoast_head_json":{"title":"Bar \u00e0 cocktails & DJ sets \u00e0 Paris La D\u00e9fense | Mama Shelter","description":"Profitez d'une soir\u00e9e au bar du Mama Shelter Paris La D\u00e9fense: cocktails originaux & DJ sets, lives. Mama vous attend !","robots":{"index":"index","follow":"follow","max-snippet":"max-snippet:-1","max-image-preview":"max-image-preview:large","max-video-preview":"max-video-preview:-1"},"canonical":"https:\/\/fr.mamashelter.com\/paris-la-defense\/restaurants\/sports-bar\/","og_locale":"fr_FR","og_type":"article","og_title":"Bar \u00e0 cocktails & DJ sets \u00e0 Paris La D\u00e9fense | Mama Shelter","og_description":"Profitez d'une soir\u00e9e au bar du Mama Shelter Paris La D\u00e9fense: cocktails originaux & DJ sets, lives. Mama vous attend !","og_url":"https:\/\/fr.mamashelter.com\/paris-la-defense\/restaurants\/sports-bar\/","og_site_name":"Paris La D\u00e9fense","article_modified_time":"2025-11-20T17:16:15+00:00","twitter_card":"summary_large_image","schema":{"@context":"https:\/\/schema.org","@graph":[{"@type":"WebPage","@id":"https:\/\/fr.mamashelter.com\/paris-la-defense\/restaurants\/sports-bar\/","url":"https:\/\/fr.mamashelter.com\/paris-la-defense\/restaurants\/sports-bar\/","name":"Bar \u00e0 cocktails & DJ sets \u00e0 Paris La D\u00e9fense | Mama Shelter","isPartOf":{"@id":"https:\/\/fr.mamashelter.com\/paris-la-defense\/#website"},"datePublished":"2020-10-01T08:19:15+00:00","dateModified":"2025-11-20T17:16:15+00:00","description":"Profitez d'une soir\u00e9e au bar du Mama Shelter Paris La D\u00e9fense: cocktails originaux & DJ sets, lives. Mama vous attend !","breadcrumb":{"@id":"https:\/\/fr.mamashelter.com\/paris-la-defense\/restaurants\/sports-bar\/#breadcrumb"},"inLanguage":"fr-FR","potentialAction":[{"@type":"ReadAction","target":["https:\/\/fr.mamashelter.com\/paris-la-defense\/restaurants\/sports-bar\/"]}]},{"@type":"BreadcrumbList","@id":"https:\/\/fr.mamashelter.com\/paris-la-defense\/restaurants\/sports-bar\/#breadcrumb","itemListElement":[{"@type":"ListItem","position":1,"name":"Home","item":"https:\/\/fr.mamashelter.com\/paris-la-defense\/"},{"@type":"ListItem","position":2,"name":"Manger &#038; Boire","item":"https:\/\/fr.mamashelter.com\/paris-la-defense\/eat-drink\/"},{"@type":"ListItem","position":3,"name":"Sports Bar"}]},{"@type":"WebSite","@id":"https:\/\/fr.mamashelter.com\/paris-la-defense\/#website","url":"https:\/\/fr.mamashelter.com\/paris-la-defense\/","name":"Paris La D\u00e9fense","description":"Mama Shelter","potentialAction":[{"@type":"SearchAction","target":{"@type":"EntryPoint","urlTemplate":"https:\/\/fr.mamashelter.com\/paris-la-defense\/?s={search_term_string}"},"query-input":"required name=search_term_string"}],"inLanguage":"fr-FR"}]}},"jetpack_sharing_enabled":true,"_links":{"self":[{"href":"https:\/\/fr.mamashelter.com\/paris-la-defense\/wp-json\/wp\/v2\/pages\/1470","targetHints":{"allow":["GET"]}}],"collection":[{"href":"https:\/\/fr.mamashelter.com\/paris-la-defense\/wp-json\/wp\/v2\/pages"}],"about":[{"href":"https:\/\/fr.mamashelter.com\/paris-la-defense\/wp-json\/wp\/v2\/types\/page"}],"author":[{"embeddable":true,"href":"https:\/\/fr.mamashelter.com\/paris-la-defense\/wp-json\/wp\/v2\/users\/7"}],"replies":[{"embeddable":true,"href":"https:\/\/fr.mamashelter.com\/paris-la-defense\/wp-json\/wp\/v2\/comments?post=1470"}],"version-history":[{"count":1,"href":"https:\/\/fr.mamashelter.com\/paris-la-defense\/wp-json\/wp\/v2\/pages\/1470\/revisions"}],"predecessor-version":[{"id":7759,"href":"https:\/\/fr.mamashelter.com\/paris-la-defense\/wp-json\/wp\/v2\/pages\/1470\/revisions\/7759"}],"up":[{"embeddable":true,"href":"https:\/\/fr.mamashelter.com\/paris-la-defense\/wp-json\/wp\/v2\/pages\/1451"}],"wp:attachment":[{"href":"https:\/\/fr.mamashelter.com\/paris-la-defense\/wp-json\/wp\/v2\/media?parent=1470"}],"curies":[{"name":"wp","href":"https:\/\/api.w.org\/{rel}","templated":true}]}}