{"id":1467,"date":"2020-10-01T08:10:27","date_gmt":"2020-10-01T08:10:27","guid":{"rendered":"https:\/\/mamashelter.com\/rennes\/restaurants\/restaurants-rooftop\/"},"modified":"2026-03-05T11:29:56","modified_gmt":"2026-03-05T11:29:56","slug":"restaurant","status":"publish","type":"page","link":"https:\/\/fr.mamashelter.com\/rennes\/restaurants\/restaurant\/","title":{"rendered":"Restaurant &#038; Bar"},"content":{"rendered":"","protected":false},"excerpt":{"rendered":"","protected":false},"author":7,"featured_media":7489,"parent":1451,"menu_order":34,"comment_status":"closed","ping_status":"closed","template":"","meta":{"footnotes":""},"class_list":["post-1467","page","type-page","status-publish","has-post-thumbnail","hentry"],"acf":[],"yoast_head":"<!-- This site is optimized with the Yoast SEO plugin v20.13 - https:\/\/yoast.com\/wordpress\/plugins\/seo\/ -->\n<title>Restaurant design, plats fait-maison et bar \u00e0 cocktails \u00e0 Rennes | Mama Shelter<\/title>\n<meta name=\"description\" content=\"D\u00e9couvrez notre carte de plats faits maison dans notre Restaurant Design et d\u00e9gustez des cocktails originaux dans notre Bar \u00e0 Rennes\" \/>\n<meta name=\"robots\" content=\"index, follow, max-snippet:-1, max-image-preview:large, max-video-preview:-1\" \/>\n<link rel=\"canonical\" href=\"https:\/\/fr.mamashelter.com\/rennes\/restaurants\/restaurant\/\" \/>\n<meta property=\"og:locale\" content=\"fr_FR\" \/>\n<meta property=\"og:type\" content=\"article\" \/>\n<meta property=\"og:title\" content=\"Restaurant design, plats fait-maison et bar \u00e0 cocktails \u00e0 Rennes | Mama Shelter\" \/>\n<meta property=\"og:description\" content=\"D\u00e9couvrez notre carte de plats faits maison dans notre Restaurant Design et d\u00e9gustez des cocktails originaux dans notre Bar \u00e0 Rennes\" \/>\n<meta property=\"og:url\" content=\"https:\/\/fr.mamashelter.com\/rennes\/restaurants\/restaurant\/\" \/>\n<meta property=\"og:site_name\" content=\"Rennes\" \/>\n<meta property=\"article:modified_time\" content=\"2026-03-05T11:29:56+00:00\" \/>\n<meta property=\"og:image\" content=\"https:\/\/mamashelter.com\/rennes\/wp-content\/uploads\/sites\/33\/2023\/03\/MamaShelter_Rennes_02-23_065_FA-scaled-e1687188752171.jpg\" \/>\n\t<meta property=\"og:image:width\" content=\"2560\" \/>\n\t<meta property=\"og:image:height\" content=\"1708\" \/>\n\t<meta property=\"og:image:type\" content=\"image\/jpeg\" \/>\n<meta name=\"twitter:card\" content=\"summary_large_image\" \/>\n<script type=\"application\/ld+json\" class=\"yoast-schema-graph\">{\"@context\":\"https:\/\/schema.org\",\"@graph\":[{\"@type\":\"WebPage\",\"@id\":\"https:\/\/fr.mamashelter.com\/rennes\/restaurants\/restaurant\/\",\"url\":\"https:\/\/fr.mamashelter.com\/rennes\/restaurants\/restaurant\/\",\"name\":\"Restaurant design, plats fait-maison et bar \u00e0 cocktails \u00e0 Rennes | Mama Shelter\",\"isPartOf\":{\"@id\":\"https:\/\/fr.mamashelter.com\/rennes\/#website\"},\"datePublished\":\"2020-10-01T08:10:27+00:00\",\"dateModified\":\"2026-03-05T11:29:56+00:00\",\"description\":\"D\u00e9couvrez notre carte de plats faits maison dans notre Restaurant Design et d\u00e9gustez des cocktails originaux dans notre Bar \u00e0 Rennes\",\"breadcrumb\":{\"@id\":\"https:\/\/fr.mamashelter.com\/rennes\/restaurants\/restaurant\/#breadcrumb\"},\"inLanguage\":\"fr-FR\",\"potentialAction\":[{\"@type\":\"ReadAction\",\"target\":[\"https:\/\/fr.mamashelter.com\/rennes\/restaurants\/restaurant\/\"]}]},{\"@type\":\"BreadcrumbList\",\"@id\":\"https:\/\/fr.mamashelter.com\/rennes\/restaurants\/restaurant\/#breadcrumb\",\"itemListElement\":[{\"@type\":\"ListItem\",\"position\":1,\"name\":\"Home\",\"item\":\"https:\/\/fr.mamashelter.com\/rennes\/\"},{\"@type\":\"ListItem\",\"position\":2,\"name\":\"Manger &#038; Boire\",\"item\":\"https:\/\/fr.mamashelter.com\/rennes\/eat-drink\/\"},{\"@type\":\"ListItem\",\"position\":3,\"name\":\"Restaurant &#038; Bar\"}]},{\"@type\":\"WebSite\",\"@id\":\"https:\/\/fr.mamashelter.com\/rennes\/#website\",\"url\":\"https:\/\/fr.mamashelter.com\/rennes\/\",\"name\":\"Rennes\",\"description\":\"Mama Shelter\",\"potentialAction\":[{\"@type\":\"SearchAction\",\"target\":{\"@type\":\"EntryPoint\",\"urlTemplate\":\"https:\/\/fr.mamashelter.com\/rennes\/?s={search_term_string}\"},\"query-input\":\"required name=search_term_string\"}],\"inLanguage\":\"fr-FR\"}]}<\/script>\n<!-- \/ Yoast SEO plugin. -->","yoast_head_json":{"title":"Restaurant design, plats fait-maison et bar \u00e0 cocktails \u00e0 Rennes | Mama Shelter","description":"D\u00e9couvrez notre carte de plats faits maison dans notre Restaurant Design et d\u00e9gustez des cocktails originaux dans notre Bar \u00e0 Rennes","robots":{"index":"index","follow":"follow","max-snippet":"max-snippet:-1","max-image-preview":"max-image-preview:large","max-video-preview":"max-video-preview:-1"},"canonical":"https:\/\/fr.mamashelter.com\/rennes\/restaurants\/restaurant\/","og_locale":"fr_FR","og_type":"article","og_title":"Restaurant design, plats fait-maison et bar \u00e0 cocktails \u00e0 Rennes | Mama Shelter","og_description":"D\u00e9couvrez notre carte de plats faits maison dans notre Restaurant Design et d\u00e9gustez des cocktails originaux dans notre Bar \u00e0 Rennes","og_url":"https:\/\/fr.mamashelter.com\/rennes\/restaurants\/restaurant\/","og_site_name":"Rennes","article_modified_time":"2026-03-05T11:29:56+00:00","og_image":[{"width":2560,"height":1708,"url":"https:\/\/mamashelter.com\/rennes\/wp-content\/uploads\/sites\/33\/2023\/03\/MamaShelter_Rennes_02-23_065_FA-scaled-e1687188752171.jpg","type":"image\/jpeg"}],"twitter_card":"summary_large_image","schema":{"@context":"https:\/\/schema.org","@graph":[{"@type":"WebPage","@id":"https:\/\/fr.mamashelter.com\/rennes\/restaurants\/restaurant\/","url":"https:\/\/fr.mamashelter.com\/rennes\/restaurants\/restaurant\/","name":"Restaurant design, plats fait-maison et bar \u00e0 cocktails \u00e0 Rennes | Mama Shelter","isPartOf":{"@id":"https:\/\/fr.mamashelter.com\/rennes\/#website"},"datePublished":"2020-10-01T08:10:27+00:00","dateModified":"2026-03-05T11:29:56+00:00","description":"D\u00e9couvrez notre carte de plats faits maison dans notre Restaurant Design et d\u00e9gustez des cocktails originaux dans notre Bar \u00e0 Rennes","breadcrumb":{"@id":"https:\/\/fr.mamashelter.com\/rennes\/restaurants\/restaurant\/#breadcrumb"},"inLanguage":"fr-FR","potentialAction":[{"@type":"ReadAction","target":["https:\/\/fr.mamashelter.com\/rennes\/restaurants\/restaurant\/"]}]},{"@type":"BreadcrumbList","@id":"https:\/\/fr.mamashelter.com\/rennes\/restaurants\/restaurant\/#breadcrumb","itemListElement":[{"@type":"ListItem","position":1,"name":"Home","item":"https:\/\/fr.mamashelter.com\/rennes\/"},{"@type":"ListItem","position":2,"name":"Manger &#038; Boire","item":"https:\/\/fr.mamashelter.com\/rennes\/eat-drink\/"},{"@type":"ListItem","position":3,"name":"Restaurant &#038; Bar"}]},{"@type":"WebSite","@id":"https:\/\/fr.mamashelter.com\/rennes\/#website","url":"https:\/\/fr.mamashelter.com\/rennes\/","name":"Rennes","description":"Mama Shelter","potentialAction":[{"@type":"SearchAction","target":{"@type":"EntryPoint","urlTemplate":"https:\/\/fr.mamashelter.com\/rennes\/?s={search_term_string}"},"query-input":"required name=search_term_string"}],"inLanguage":"fr-FR"}]}},"jetpack_sharing_enabled":true,"_links":{"self":[{"href":"https:\/\/fr.mamashelter.com\/rennes\/wp-json\/wp\/v2\/pages\/1467","targetHints":{"allow":["GET"]}}],"collection":[{"href":"https:\/\/fr.mamashelter.com\/rennes\/wp-json\/wp\/v2\/pages"}],"about":[{"href":"https:\/\/fr.mamashelter.com\/rennes\/wp-json\/wp\/v2\/types\/page"}],"author":[{"embeddable":true,"href":"https:\/\/fr.mamashelter.com\/rennes\/wp-json\/wp\/v2\/users\/7"}],"replies":[{"embeddable":true,"href":"https:\/\/fr.mamashelter.com\/rennes\/wp-json\/wp\/v2\/comments?post=1467"}],"version-history":[{"count":5,"href":"https:\/\/fr.mamashelter.com\/rennes\/wp-json\/wp\/v2\/pages\/1467\/revisions"}],"predecessor-version":[{"id":8922,"href":"https:\/\/fr.mamashelter.com\/rennes\/wp-json\/wp\/v2\/pages\/1467\/revisions\/8922"}],"up":[{"embeddable":true,"href":"https:\/\/fr.mamashelter.com\/rennes\/wp-json\/wp\/v2\/pages\/1451"}],"wp:featuredmedia":[{"embeddable":true,"href":"https:\/\/fr.mamashelter.com\/rennes\/wp-json\/wp\/v2\/media\/7489"}],"wp:attachment":[{"href":"https:\/\/fr.mamashelter.com\/rennes\/wp-json\/wp\/v2\/media?parent=1467"}],"curies":[{"name":"wp","href":"https:\/\/api.w.org\/{rel}","templated":true}]}}