{"id":1744,"date":"2020-10-01T15:38:09","date_gmt":"2020-10-01T15:38:09","guid":{"rendered":"https:\/\/mamashelter.com\/rennes\/offres\/"},"modified":"2026-03-05T11:30:56","modified_gmt":"2026-03-05T11:30:56","slug":"offres","status":"publish","type":"page","link":"https:\/\/fr.mamashelter.com\/rennes\/offres\/","title":{"rendered":"Nos offres"},"content":{"rendered":"","protected":false},"excerpt":{"rendered":"","protected":false},"author":6,"featured_media":7483,"parent":0,"menu_order":1,"comment_status":"closed","ping_status":"closed","template":"page-offer.php","meta":{"footnotes":""},"class_list":["post-1744","page","type-page","status-publish","has-post-thumbnail","hentry"],"acf":[],"yoast_head":"<!-- This site is optimized with the Yoast SEO plugin v20.13 - https:\/\/yoast.com\/wordpress\/plugins\/seo\/ -->\n<title>Offres sp\u00e9ciales &amp; Bons Plans | Mama Shelter<\/title>\n<meta name=\"description\" content=\"Tous nos bons plans, deals et offres sp\u00e9ciales pour votre s\u00e9jour au Rennes.\" \/>\n<meta name=\"robots\" content=\"index, follow, max-snippet:-1, max-image-preview:large, max-video-preview:-1\" \/>\n<link rel=\"canonical\" href=\"https:\/\/fr.mamashelter.com\/rennes\/offres\/\" \/>\n<meta property=\"og:locale\" content=\"fr_FR\" \/>\n<meta property=\"og:type\" content=\"article\" \/>\n<meta property=\"og:title\" content=\"Offres sp\u00e9ciales &amp; Bons Plans | Mama Shelter\" \/>\n<meta property=\"og:description\" content=\"Tous nos bons plans, deals et offres sp\u00e9ciales pour votre s\u00e9jour au Rennes.\" \/>\n<meta property=\"og:url\" content=\"https:\/\/fr.mamashelter.com\/rennes\/offres\/\" \/>\n<meta property=\"og:site_name\" content=\"Rennes\" \/>\n<meta property=\"article:modified_time\" content=\"2026-03-05T11:30:56+00:00\" \/>\n<meta property=\"og:image\" content=\"https:\/\/mamashelter.com\/rennes\/wp-content\/uploads\/sites\/33\/2023\/03\/MamaShelter_Rennes_02-23_018_FA_HD-scaled.jpg\" \/>\n\t<meta property=\"og:image:width\" content=\"2560\" \/>\n\t<meta property=\"og:image:height\" content=\"1708\" \/>\n\t<meta property=\"og:image:type\" content=\"image\/jpeg\" \/>\n<meta name=\"twitter:card\" content=\"summary_large_image\" \/>\n<script type=\"application\/ld+json\" class=\"yoast-schema-graph\">{\"@context\":\"https:\/\/schema.org\",\"@graph\":[{\"@type\":\"WebPage\",\"@id\":\"https:\/\/fr.mamashelter.com\/rennes\/offres\/\",\"url\":\"https:\/\/fr.mamashelter.com\/rennes\/offres\/\",\"name\":\"Offres sp\u00e9ciales & Bons Plans | Mama Shelter\",\"isPartOf\":{\"@id\":\"https:\/\/fr.mamashelter.com\/rennes\/#website\"},\"datePublished\":\"2020-10-01T15:38:09+00:00\",\"dateModified\":\"2026-03-05T11:30:56+00:00\",\"description\":\"Tous nos bons plans, deals et offres sp\u00e9ciales pour votre s\u00e9jour au Rennes.\",\"breadcrumb\":{\"@id\":\"https:\/\/fr.mamashelter.com\/rennes\/offres\/#breadcrumb\"},\"inLanguage\":\"fr-FR\",\"potentialAction\":[{\"@type\":\"ReadAction\",\"target\":[\"https:\/\/fr.mamashelter.com\/rennes\/offres\/\"]}]},{\"@type\":\"BreadcrumbList\",\"@id\":\"https:\/\/fr.mamashelter.com\/rennes\/offres\/#breadcrumb\",\"itemListElement\":[{\"@type\":\"ListItem\",\"position\":1,\"name\":\"Home\",\"item\":\"https:\/\/fr.mamashelter.com\/rennes\/\"},{\"@type\":\"ListItem\",\"position\":2,\"name\":\"Nos offres\"}]},{\"@type\":\"WebSite\",\"@id\":\"https:\/\/fr.mamashelter.com\/rennes\/#website\",\"url\":\"https:\/\/fr.mamashelter.com\/rennes\/\",\"name\":\"Rennes\",\"description\":\"Mama Shelter\",\"potentialAction\":[{\"@type\":\"SearchAction\",\"target\":{\"@type\":\"EntryPoint\",\"urlTemplate\":\"https:\/\/fr.mamashelter.com\/rennes\/?s={search_term_string}\"},\"query-input\":\"required name=search_term_string\"}],\"inLanguage\":\"fr-FR\"}]}<\/script>\n<!-- \/ Yoast SEO plugin. -->","yoast_head_json":{"title":"Offres sp\u00e9ciales & Bons Plans | Mama Shelter","description":"Tous nos bons plans, deals et offres sp\u00e9ciales pour votre s\u00e9jour au Rennes.","robots":{"index":"index","follow":"follow","max-snippet":"max-snippet:-1","max-image-preview":"max-image-preview:large","max-video-preview":"max-video-preview:-1"},"canonical":"https:\/\/fr.mamashelter.com\/rennes\/offres\/","og_locale":"fr_FR","og_type":"article","og_title":"Offres sp\u00e9ciales & Bons Plans | Mama Shelter","og_description":"Tous nos bons plans, deals et offres sp\u00e9ciales pour votre s\u00e9jour au Rennes.","og_url":"https:\/\/fr.mamashelter.com\/rennes\/offres\/","og_site_name":"Rennes","article_modified_time":"2026-03-05T11:30:56+00:00","og_image":[{"width":2560,"height":1708,"url":"https:\/\/mamashelter.com\/rennes\/wp-content\/uploads\/sites\/33\/2023\/03\/MamaShelter_Rennes_02-23_018_FA_HD-scaled.jpg","type":"image\/jpeg"}],"twitter_card":"summary_large_image","schema":{"@context":"https:\/\/schema.org","@graph":[{"@type":"WebPage","@id":"https:\/\/fr.mamashelter.com\/rennes\/offres\/","url":"https:\/\/fr.mamashelter.com\/rennes\/offres\/","name":"Offres sp\u00e9ciales & Bons Plans | Mama Shelter","isPartOf":{"@id":"https:\/\/fr.mamashelter.com\/rennes\/#website"},"datePublished":"2020-10-01T15:38:09+00:00","dateModified":"2026-03-05T11:30:56+00:00","description":"Tous nos bons plans, deals et offres sp\u00e9ciales pour votre s\u00e9jour au Rennes.","breadcrumb":{"@id":"https:\/\/fr.mamashelter.com\/rennes\/offres\/#breadcrumb"},"inLanguage":"fr-FR","potentialAction":[{"@type":"ReadAction","target":["https:\/\/fr.mamashelter.com\/rennes\/offres\/"]}]},{"@type":"BreadcrumbList","@id":"https:\/\/fr.mamashelter.com\/rennes\/offres\/#breadcrumb","itemListElement":[{"@type":"ListItem","position":1,"name":"Home","item":"https:\/\/fr.mamashelter.com\/rennes\/"},{"@type":"ListItem","position":2,"name":"Nos offres"}]},{"@type":"WebSite","@id":"https:\/\/fr.mamashelter.com\/rennes\/#website","url":"https:\/\/fr.mamashelter.com\/rennes\/","name":"Rennes","description":"Mama Shelter","potentialAction":[{"@type":"SearchAction","target":{"@type":"EntryPoint","urlTemplate":"https:\/\/fr.mamashelter.com\/rennes\/?s={search_term_string}"},"query-input":"required name=search_term_string"}],"inLanguage":"fr-FR"}]}},"jetpack_sharing_enabled":true,"_links":{"self":[{"href":"https:\/\/fr.mamashelter.com\/rennes\/wp-json\/wp\/v2\/pages\/1744","targetHints":{"allow":["GET"]}}],"collection":[{"href":"https:\/\/fr.mamashelter.com\/rennes\/wp-json\/wp\/v2\/pages"}],"about":[{"href":"https:\/\/fr.mamashelter.com\/rennes\/wp-json\/wp\/v2\/types\/page"}],"author":[{"embeddable":true,"href":"https:\/\/fr.mamashelter.com\/rennes\/wp-json\/wp\/v2\/users\/6"}],"replies":[{"embeddable":true,"href":"https:\/\/fr.mamashelter.com\/rennes\/wp-json\/wp\/v2\/comments?post=1744"}],"version-history":[{"count":3,"href":"https:\/\/fr.mamashelter.com\/rennes\/wp-json\/wp\/v2\/pages\/1744\/revisions"}],"predecessor-version":[{"id":8930,"href":"https:\/\/fr.mamashelter.com\/rennes\/wp-json\/wp\/v2\/pages\/1744\/revisions\/8930"}],"wp:featuredmedia":[{"embeddable":true,"href":"https:\/\/fr.mamashelter.com\/rennes\/wp-json\/wp\/v2\/media\/7483"}],"wp:attachment":[{"href":"https:\/\/fr.mamashelter.com\/rennes\/wp-json\/wp\/v2\/media?parent=1744"}],"curies":[{"name":"wp","href":"https:\/\/api.w.org\/{rel}","templated":true}]}}