{"id":1470,"date":"2020-10-01T08:19:15","date_gmt":"2020-10-01T08:19:15","guid":{"rendered":"https:\/\/mamashelter.com\/rome\/restaurants\/restaurants-bar\/"},"modified":"2025-11-21T15:05:37","modified_gmt":"2025-11-21T15:05:37","slug":"pizzeria","status":"publish","type":"page","link":"https:\/\/fr.mamashelter.com\/roma\/restaurants\/pizzeria\/","title":{"rendered":"Pizzeria"},"content":{"rendered":"","protected":false},"excerpt":{"rendered":"","protected":false},"author":7,"featured_media":0,"parent":1451,"menu_order":21,"comment_status":"closed","ping_status":"closed","template":"","meta":{"footnotes":""},"class_list":["post-1470","page","type-page","status-publish","hentry"],"acf":[],"yoast_head":"<!-- This site is optimized with the Yoast SEO plugin v20.13 - https:\/\/yoast.com\/wordpress\/plugins\/seo\/ -->\n<title>Bar \u00e0 cocktails &amp; d\u00e9licieuses pizzas \u00e0 Roma | Mama Shelter<\/title>\n<meta name=\"description\" content=\"Profitez d&#039;une soir\u00e9e \u00e0 la Pizzeria Mama Shelter Roma: cocktails originaux, d\u00e9licieuses pizzas romaines &amp; DJ sets. Mama vous attend !\" \/>\n<meta name=\"robots\" content=\"index, follow, max-snippet:-1, max-image-preview:large, max-video-preview:-1\" \/>\n<link rel=\"canonical\" href=\"https:\/\/fr.mamashelter.com\/roma\/restaurants\/pizzeria\/\" \/>\n<meta property=\"og:locale\" content=\"fr_FR\" \/>\n<meta property=\"og:type\" content=\"article\" \/>\n<meta property=\"og:title\" content=\"Bar \u00e0 cocktails &amp; d\u00e9licieuses pizzas \u00e0 Roma | Mama Shelter\" \/>\n<meta property=\"og:description\" content=\"Profitez d&#039;une soir\u00e9e \u00e0 la Pizzeria Mama Shelter Roma: cocktails originaux, d\u00e9licieuses pizzas romaines &amp; DJ sets. Mama vous attend !\" \/>\n<meta property=\"og:url\" content=\"https:\/\/fr.mamashelter.com\/roma\/restaurants\/pizzeria\/\" \/>\n<meta property=\"og:site_name\" content=\"Roma\" \/>\n<meta property=\"article:modified_time\" content=\"2025-11-21T15:05:37+00:00\" \/>\n<meta name=\"twitter:card\" content=\"summary_large_image\" \/>\n<script type=\"application\/ld+json\" class=\"yoast-schema-graph\">{\"@context\":\"https:\/\/schema.org\",\"@graph\":[{\"@type\":\"WebPage\",\"@id\":\"https:\/\/fr.mamashelter.com\/roma\/restaurants\/pizzeria\/\",\"url\":\"https:\/\/fr.mamashelter.com\/roma\/restaurants\/pizzeria\/\",\"name\":\"Bar \u00e0 cocktails & d\u00e9licieuses pizzas \u00e0 Roma | Mama Shelter\",\"isPartOf\":{\"@id\":\"https:\/\/fr.mamashelter.com\/roma\/#website\"},\"datePublished\":\"2020-10-01T08:19:15+00:00\",\"dateModified\":\"2025-11-21T15:05:37+00:00\",\"description\":\"Profitez d'une soir\u00e9e \u00e0 la Pizzeria Mama Shelter Roma: cocktails originaux, d\u00e9licieuses pizzas romaines & DJ sets. Mama vous attend !\",\"breadcrumb\":{\"@id\":\"https:\/\/fr.mamashelter.com\/roma\/restaurants\/pizzeria\/#breadcrumb\"},\"inLanguage\":\"fr-FR\",\"potentialAction\":[{\"@type\":\"ReadAction\",\"target\":[\"https:\/\/fr.mamashelter.com\/roma\/restaurants\/pizzeria\/\"]}]},{\"@type\":\"BreadcrumbList\",\"@id\":\"https:\/\/fr.mamashelter.com\/roma\/restaurants\/pizzeria\/#breadcrumb\",\"itemListElement\":[{\"@type\":\"ListItem\",\"position\":1,\"name\":\"Home\",\"item\":\"https:\/\/fr.mamashelter.com\/roma\/\"},{\"@type\":\"ListItem\",\"position\":2,\"name\":\"Manger &#038; Boire\",\"item\":\"https:\/\/fr.mamashelter.com\/roma\/eat-drink\/\"},{\"@type\":\"ListItem\",\"position\":3,\"name\":\"Pizzeria\"}]},{\"@type\":\"WebSite\",\"@id\":\"https:\/\/fr.mamashelter.com\/roma\/#website\",\"url\":\"https:\/\/fr.mamashelter.com\/roma\/\",\"name\":\"Roma\",\"description\":\"Mama Shelter\",\"potentialAction\":[{\"@type\":\"SearchAction\",\"target\":{\"@type\":\"EntryPoint\",\"urlTemplate\":\"https:\/\/fr.mamashelter.com\/roma\/?s={search_term_string}\"},\"query-input\":\"required name=search_term_string\"}],\"inLanguage\":\"fr-FR\"}]}<\/script>\n<!-- \/ Yoast SEO plugin. -->","yoast_head_json":{"title":"Bar \u00e0 cocktails & d\u00e9licieuses pizzas \u00e0 Roma | Mama Shelter","description":"Profitez d'une soir\u00e9e \u00e0 la Pizzeria Mama Shelter Roma: cocktails originaux, d\u00e9licieuses pizzas romaines & DJ sets. Mama vous attend !","robots":{"index":"index","follow":"follow","max-snippet":"max-snippet:-1","max-image-preview":"max-image-preview:large","max-video-preview":"max-video-preview:-1"},"canonical":"https:\/\/fr.mamashelter.com\/roma\/restaurants\/pizzeria\/","og_locale":"fr_FR","og_type":"article","og_title":"Bar \u00e0 cocktails & d\u00e9licieuses pizzas \u00e0 Roma | Mama Shelter","og_description":"Profitez d'une soir\u00e9e \u00e0 la Pizzeria Mama Shelter Roma: cocktails originaux, d\u00e9licieuses pizzas romaines & DJ sets. Mama vous attend !","og_url":"https:\/\/fr.mamashelter.com\/roma\/restaurants\/pizzeria\/","og_site_name":"Roma","article_modified_time":"2025-11-21T15:05:37+00:00","twitter_card":"summary_large_image","schema":{"@context":"https:\/\/schema.org","@graph":[{"@type":"WebPage","@id":"https:\/\/fr.mamashelter.com\/roma\/restaurants\/pizzeria\/","url":"https:\/\/fr.mamashelter.com\/roma\/restaurants\/pizzeria\/","name":"Bar \u00e0 cocktails & d\u00e9licieuses pizzas \u00e0 Roma | Mama Shelter","isPartOf":{"@id":"https:\/\/fr.mamashelter.com\/roma\/#website"},"datePublished":"2020-10-01T08:19:15+00:00","dateModified":"2025-11-21T15:05:37+00:00","description":"Profitez d'une soir\u00e9e \u00e0 la Pizzeria Mama Shelter Roma: cocktails originaux, d\u00e9licieuses pizzas romaines & DJ sets. Mama vous attend !","breadcrumb":{"@id":"https:\/\/fr.mamashelter.com\/roma\/restaurants\/pizzeria\/#breadcrumb"},"inLanguage":"fr-FR","potentialAction":[{"@type":"ReadAction","target":["https:\/\/fr.mamashelter.com\/roma\/restaurants\/pizzeria\/"]}]},{"@type":"BreadcrumbList","@id":"https:\/\/fr.mamashelter.com\/roma\/restaurants\/pizzeria\/#breadcrumb","itemListElement":[{"@type":"ListItem","position":1,"name":"Home","item":"https:\/\/fr.mamashelter.com\/roma\/"},{"@type":"ListItem","position":2,"name":"Manger &#038; Boire","item":"https:\/\/fr.mamashelter.com\/roma\/eat-drink\/"},{"@type":"ListItem","position":3,"name":"Pizzeria"}]},{"@type":"WebSite","@id":"https:\/\/fr.mamashelter.com\/roma\/#website","url":"https:\/\/fr.mamashelter.com\/roma\/","name":"Roma","description":"Mama Shelter","potentialAction":[{"@type":"SearchAction","target":{"@type":"EntryPoint","urlTemplate":"https:\/\/fr.mamashelter.com\/roma\/?s={search_term_string}"},"query-input":"required name=search_term_string"}],"inLanguage":"fr-FR"}]}},"jetpack_sharing_enabled":true,"_links":{"self":[{"href":"https:\/\/fr.mamashelter.com\/roma\/wp-json\/wp\/v2\/pages\/1470","targetHints":{"allow":["GET"]}}],"collection":[{"href":"https:\/\/fr.mamashelter.com\/roma\/wp-json\/wp\/v2\/pages"}],"about":[{"href":"https:\/\/fr.mamashelter.com\/roma\/wp-json\/wp\/v2\/types\/page"}],"author":[{"embeddable":true,"href":"https:\/\/fr.mamashelter.com\/roma\/wp-json\/wp\/v2\/users\/7"}],"replies":[{"embeddable":true,"href":"https:\/\/fr.mamashelter.com\/roma\/wp-json\/wp\/v2\/comments?post=1470"}],"version-history":[{"count":2,"href":"https:\/\/fr.mamashelter.com\/roma\/wp-json\/wp\/v2\/pages\/1470\/revisions"}],"predecessor-version":[{"id":11516,"href":"https:\/\/fr.mamashelter.com\/roma\/wp-json\/wp\/v2\/pages\/1470\/revisions\/11516"}],"up":[{"embeddable":true,"href":"https:\/\/fr.mamashelter.com\/roma\/wp-json\/wp\/v2\/pages\/1451"}],"wp:attachment":[{"href":"https:\/\/fr.mamashelter.com\/roma\/wp-json\/wp\/v2\/media?parent=1470"}],"curies":[{"name":"wp","href":"https:\/\/api.w.org\/{rel}","templated":true}]}}