{"id":2981,"date":"2020-11-03T17:29:28","date_gmt":"2020-11-03T17:29:28","guid":{"rendered":"https:\/\/mamashelter.com\/rome\/faq\/"},"modified":"2025-08-14T12:52:15","modified_gmt":"2025-08-14T12:52:15","slug":"faq","status":"publish","type":"page","link":"https:\/\/fr.mamashelter.com\/roma\/faq\/","title":{"rendered":"FAQ"},"content":{"rendered":"","protected":false},"excerpt":{"rendered":"","protected":false},"author":3,"featured_media":0,"parent":0,"menu_order":3,"comment_status":"closed","ping_status":"closed","template":"page-faq.php","meta":{"footnotes":""},"class_list":["post-2981","page","type-page","status-publish","hentry"],"acf":[],"yoast_head":"<!-- This site is optimized with the Yoast SEO plugin v20.13 - https:\/\/yoast.com\/wordpress\/plugins\/seo\/ -->\n<title>FAQ - Roma<\/title>\n<meta name=\"description\" content=\"Une question ? La r\u00e9ponse est peut-\u00eatre dans notre FAQ ! Si non, n&#039;h\u00e9sitez pas \u00e0 nous contacter.\" \/>\n<meta name=\"robots\" content=\"index, follow, max-snippet:-1, max-image-preview:large, max-video-preview:-1\" \/>\n<link rel=\"canonical\" href=\"https:\/\/fr.mamashelter.com\/roma\/faq\/\" \/>\n<meta property=\"og:locale\" content=\"fr_FR\" \/>\n<meta property=\"og:type\" content=\"article\" \/>\n<meta property=\"og:title\" content=\"FAQ - Roma\" \/>\n<meta property=\"og:description\" content=\"Une question ? La r\u00e9ponse est peut-\u00eatre dans notre FAQ ! Si non, n&#039;h\u00e9sitez pas \u00e0 nous contacter.\" \/>\n<meta property=\"og:url\" content=\"https:\/\/fr.mamashelter.com\/roma\/faq\/\" \/>\n<meta property=\"og:site_name\" content=\"Roma\" \/>\n<meta property=\"article:modified_time\" content=\"2025-08-14T12:52:15+00:00\" \/>\n<meta name=\"twitter:card\" content=\"summary_large_image\" \/>\n<script type=\"application\/ld+json\" class=\"yoast-schema-graph\">{\"@context\":\"https:\/\/schema.org\",\"@graph\":[{\"@type\":\"WebPage\",\"@id\":\"https:\/\/fr.mamashelter.com\/roma\/faq\/\",\"url\":\"https:\/\/fr.mamashelter.com\/roma\/faq\/\",\"name\":\"FAQ - Roma\",\"isPartOf\":{\"@id\":\"https:\/\/fr.mamashelter.com\/roma\/#website\"},\"datePublished\":\"2020-11-03T17:29:28+00:00\",\"dateModified\":\"2025-08-14T12:52:15+00:00\",\"description\":\"Une question ? La r\u00e9ponse est peut-\u00eatre dans notre FAQ ! Si non, n'h\u00e9sitez pas \u00e0 nous contacter.\",\"breadcrumb\":{\"@id\":\"https:\/\/fr.mamashelter.com\/roma\/faq\/#breadcrumb\"},\"inLanguage\":\"fr-FR\",\"potentialAction\":[{\"@type\":\"ReadAction\",\"target\":[\"https:\/\/fr.mamashelter.com\/roma\/faq\/\"]}]},{\"@type\":\"BreadcrumbList\",\"@id\":\"https:\/\/fr.mamashelter.com\/roma\/faq\/#breadcrumb\",\"itemListElement\":[{\"@type\":\"ListItem\",\"position\":1,\"name\":\"Home\",\"item\":\"https:\/\/fr.mamashelter.com\/roma\/\"},{\"@type\":\"ListItem\",\"position\":2,\"name\":\"FAQ\"}]},{\"@type\":\"WebSite\",\"@id\":\"https:\/\/fr.mamashelter.com\/roma\/#website\",\"url\":\"https:\/\/fr.mamashelter.com\/roma\/\",\"name\":\"Roma\",\"description\":\"Mama Shelter\",\"potentialAction\":[{\"@type\":\"SearchAction\",\"target\":{\"@type\":\"EntryPoint\",\"urlTemplate\":\"https:\/\/fr.mamashelter.com\/roma\/?s={search_term_string}\"},\"query-input\":\"required name=search_term_string\"}],\"inLanguage\":\"fr-FR\"}]}<\/script>\n<!-- \/ Yoast SEO plugin. -->","yoast_head_json":{"title":"FAQ - Roma","description":"Une question ? La r\u00e9ponse est peut-\u00eatre dans notre FAQ ! Si non, n'h\u00e9sitez pas \u00e0 nous contacter.","robots":{"index":"index","follow":"follow","max-snippet":"max-snippet:-1","max-image-preview":"max-image-preview:large","max-video-preview":"max-video-preview:-1"},"canonical":"https:\/\/fr.mamashelter.com\/roma\/faq\/","og_locale":"fr_FR","og_type":"article","og_title":"FAQ - Roma","og_description":"Une question ? La r\u00e9ponse est peut-\u00eatre dans notre FAQ ! Si non, n'h\u00e9sitez pas \u00e0 nous contacter.","og_url":"https:\/\/fr.mamashelter.com\/roma\/faq\/","og_site_name":"Roma","article_modified_time":"2025-08-14T12:52:15+00:00","twitter_card":"summary_large_image","schema":{"@context":"https:\/\/schema.org","@graph":[{"@type":"WebPage","@id":"https:\/\/fr.mamashelter.com\/roma\/faq\/","url":"https:\/\/fr.mamashelter.com\/roma\/faq\/","name":"FAQ - Roma","isPartOf":{"@id":"https:\/\/fr.mamashelter.com\/roma\/#website"},"datePublished":"2020-11-03T17:29:28+00:00","dateModified":"2025-08-14T12:52:15+00:00","description":"Une question ? La r\u00e9ponse est peut-\u00eatre dans notre FAQ ! Si non, n'h\u00e9sitez pas \u00e0 nous contacter.","breadcrumb":{"@id":"https:\/\/fr.mamashelter.com\/roma\/faq\/#breadcrumb"},"inLanguage":"fr-FR","potentialAction":[{"@type":"ReadAction","target":["https:\/\/fr.mamashelter.com\/roma\/faq\/"]}]},{"@type":"BreadcrumbList","@id":"https:\/\/fr.mamashelter.com\/roma\/faq\/#breadcrumb","itemListElement":[{"@type":"ListItem","position":1,"name":"Home","item":"https:\/\/fr.mamashelter.com\/roma\/"},{"@type":"ListItem","position":2,"name":"FAQ"}]},{"@type":"WebSite","@id":"https:\/\/fr.mamashelter.com\/roma\/#website","url":"https:\/\/fr.mamashelter.com\/roma\/","name":"Roma","description":"Mama Shelter","potentialAction":[{"@type":"SearchAction","target":{"@type":"EntryPoint","urlTemplate":"https:\/\/fr.mamashelter.com\/roma\/?s={search_term_string}"},"query-input":"required name=search_term_string"}],"inLanguage":"fr-FR"}]}},"jetpack_sharing_enabled":true,"_links":{"self":[{"href":"https:\/\/fr.mamashelter.com\/roma\/wp-json\/wp\/v2\/pages\/2981","targetHints":{"allow":["GET"]}}],"collection":[{"href":"https:\/\/fr.mamashelter.com\/roma\/wp-json\/wp\/v2\/pages"}],"about":[{"href":"https:\/\/fr.mamashelter.com\/roma\/wp-json\/wp\/v2\/types\/page"}],"author":[{"embeddable":true,"href":"https:\/\/fr.mamashelter.com\/roma\/wp-json\/wp\/v2\/users\/3"}],"replies":[{"embeddable":true,"href":"https:\/\/fr.mamashelter.com\/roma\/wp-json\/wp\/v2\/comments?post=2981"}],"version-history":[{"count":1,"href":"https:\/\/fr.mamashelter.com\/roma\/wp-json\/wp\/v2\/pages\/2981\/revisions"}],"predecessor-version":[{"id":11311,"href":"https:\/\/fr.mamashelter.com\/roma\/wp-json\/wp\/v2\/pages\/2981\/revisions\/11311"}],"wp:attachment":[{"href":"https:\/\/fr.mamashelter.com\/roma\/wp-json\/wp\/v2\/media?parent=2981"}],"curies":[{"name":"wp","href":"https:\/\/api.w.org\/{rel}","templated":true}]}}