{"id":10040,"date":"2025-07-24T15:04:55","date_gmt":"2025-07-24T15:04:55","guid":{"rendered":"https:\/\/mamashelter.com\/zurich\/questions-frequentes\/"},"modified":"2026-03-19T16:15:26","modified_gmt":"2026-03-19T16:15:26","slug":"questions-frequentes","status":"publish","type":"page","link":"https:\/\/fr.mamashelter.com\/zurich\/questions-frequentes\/","title":{"rendered":"Questions fr\u00e9quentes"},"content":{"rendered":"","protected":false},"excerpt":{"rendered":"","protected":false},"author":6,"featured_media":0,"parent":0,"menu_order":0,"comment_status":"closed","ping_status":"closed","template":"","meta":{"footnotes":""},"class_list":["post-10040","page","type-page","status-publish","hentry"],"acf":[],"yoast_head":"<!-- This site is optimized with the Yoast SEO plugin v20.13 - https:\/\/yoast.com\/wordpress\/plugins\/seo\/ -->\n<title>Questions fr\u00e9quentes - Zurich<\/title>\n<meta name=\"description\" content=\"Une question ? La r\u00e9ponse est peut-\u00eatre dans notre FAQ !\" \/>\n<meta name=\"robots\" content=\"index, follow, max-snippet:-1, max-image-preview:large, max-video-preview:-1\" \/>\n<link rel=\"canonical\" href=\"https:\/\/fr.mamashelter.com\/zurich\/questions-frequentes\/\" \/>\n<meta property=\"og:locale\" content=\"fr_FR\" \/>\n<meta property=\"og:type\" content=\"article\" \/>\n<meta property=\"og:title\" content=\"Questions fr\u00e9quentes - Zurich\" \/>\n<meta property=\"og:description\" content=\"Une question ? La r\u00e9ponse est peut-\u00eatre dans notre FAQ !\" \/>\n<meta property=\"og:url\" content=\"https:\/\/fr.mamashelter.com\/zurich\/questions-frequentes\/\" \/>\n<meta property=\"og:site_name\" content=\"Zurich\" \/>\n<meta property=\"article:modified_time\" content=\"2026-03-19T16:15:26+00:00\" \/>\n<meta name=\"twitter:card\" content=\"summary_large_image\" \/>\n<script type=\"application\/ld+json\" class=\"yoast-schema-graph\">{\"@context\":\"https:\/\/schema.org\",\"@graph\":[{\"@type\":\"WebPage\",\"@id\":\"https:\/\/fr.mamashelter.com\/zurich\/questions-frequentes\/\",\"url\":\"https:\/\/fr.mamashelter.com\/zurich\/questions-frequentes\/\",\"name\":\"Questions fr\u00e9quentes - Zurich\",\"isPartOf\":{\"@id\":\"https:\/\/fr.mamashelter.com\/zurich\/#website\"},\"datePublished\":\"2025-07-24T15:04:55+00:00\",\"dateModified\":\"2026-03-19T16:15:26+00:00\",\"description\":\"Une question ? La r\u00e9ponse est peut-\u00eatre dans notre FAQ !\",\"breadcrumb\":{\"@id\":\"https:\/\/fr.mamashelter.com\/zurich\/questions-frequentes\/#breadcrumb\"},\"inLanguage\":\"fr-FR\",\"potentialAction\":[{\"@type\":\"ReadAction\",\"target\":[\"https:\/\/fr.mamashelter.com\/zurich\/questions-frequentes\/\"]}]},{\"@type\":\"BreadcrumbList\",\"@id\":\"https:\/\/fr.mamashelter.com\/zurich\/questions-frequentes\/#breadcrumb\",\"itemListElement\":[{\"@type\":\"ListItem\",\"position\":1,\"name\":\"Home\",\"item\":\"https:\/\/fr.mamashelter.com\/zurich\/\"},{\"@type\":\"ListItem\",\"position\":2,\"name\":\"Questions fr\u00e9quentes\"}]},{\"@type\":\"WebSite\",\"@id\":\"https:\/\/fr.mamashelter.com\/zurich\/#website\",\"url\":\"https:\/\/fr.mamashelter.com\/zurich\/\",\"name\":\"Zurich\",\"description\":\"Mama Shelter\",\"potentialAction\":[{\"@type\":\"SearchAction\",\"target\":{\"@type\":\"EntryPoint\",\"urlTemplate\":\"https:\/\/fr.mamashelter.com\/zurich\/?s={search_term_string}\"},\"query-input\":\"required name=search_term_string\"}],\"inLanguage\":\"fr-FR\"}]}<\/script>\n<!-- \/ Yoast SEO plugin. -->","yoast_head_json":{"title":"Questions fr\u00e9quentes - Zurich","description":"Une question ? La r\u00e9ponse est peut-\u00eatre dans notre FAQ !","robots":{"index":"index","follow":"follow","max-snippet":"max-snippet:-1","max-image-preview":"max-image-preview:large","max-video-preview":"max-video-preview:-1"},"canonical":"https:\/\/fr.mamashelter.com\/zurich\/questions-frequentes\/","og_locale":"fr_FR","og_type":"article","og_title":"Questions fr\u00e9quentes - Zurich","og_description":"Une question ? La r\u00e9ponse est peut-\u00eatre dans notre FAQ !","og_url":"https:\/\/fr.mamashelter.com\/zurich\/questions-frequentes\/","og_site_name":"Zurich","article_modified_time":"2026-03-19T16:15:26+00:00","twitter_card":"summary_large_image","schema":{"@context":"https:\/\/schema.org","@graph":[{"@type":"WebPage","@id":"https:\/\/fr.mamashelter.com\/zurich\/questions-frequentes\/","url":"https:\/\/fr.mamashelter.com\/zurich\/questions-frequentes\/","name":"Questions fr\u00e9quentes - Zurich","isPartOf":{"@id":"https:\/\/fr.mamashelter.com\/zurich\/#website"},"datePublished":"2025-07-24T15:04:55+00:00","dateModified":"2026-03-19T16:15:26+00:00","description":"Une question ? La r\u00e9ponse est peut-\u00eatre dans notre FAQ !","breadcrumb":{"@id":"https:\/\/fr.mamashelter.com\/zurich\/questions-frequentes\/#breadcrumb"},"inLanguage":"fr-FR","potentialAction":[{"@type":"ReadAction","target":["https:\/\/fr.mamashelter.com\/zurich\/questions-frequentes\/"]}]},{"@type":"BreadcrumbList","@id":"https:\/\/fr.mamashelter.com\/zurich\/questions-frequentes\/#breadcrumb","itemListElement":[{"@type":"ListItem","position":1,"name":"Home","item":"https:\/\/fr.mamashelter.com\/zurich\/"},{"@type":"ListItem","position":2,"name":"Questions fr\u00e9quentes"}]},{"@type":"WebSite","@id":"https:\/\/fr.mamashelter.com\/zurich\/#website","url":"https:\/\/fr.mamashelter.com\/zurich\/","name":"Zurich","description":"Mama Shelter","potentialAction":[{"@type":"SearchAction","target":{"@type":"EntryPoint","urlTemplate":"https:\/\/fr.mamashelter.com\/zurich\/?s={search_term_string}"},"query-input":"required name=search_term_string"}],"inLanguage":"fr-FR"}]}},"jetpack_sharing_enabled":true,"_links":{"self":[{"href":"https:\/\/fr.mamashelter.com\/zurich\/wp-json\/wp\/v2\/pages\/10040","targetHints":{"allow":["GET"]}}],"collection":[{"href":"https:\/\/fr.mamashelter.com\/zurich\/wp-json\/wp\/v2\/pages"}],"about":[{"href":"https:\/\/fr.mamashelter.com\/zurich\/wp-json\/wp\/v2\/types\/page"}],"author":[{"embeddable":true,"href":"https:\/\/fr.mamashelter.com\/zurich\/wp-json\/wp\/v2\/users\/6"}],"replies":[{"embeddable":true,"href":"https:\/\/fr.mamashelter.com\/zurich\/wp-json\/wp\/v2\/comments?post=10040"}],"version-history":[{"count":1,"href":"https:\/\/fr.mamashelter.com\/zurich\/wp-json\/wp\/v2\/pages\/10040\/revisions"}],"predecessor-version":[{"id":10044,"href":"https:\/\/fr.mamashelter.com\/zurich\/wp-json\/wp\/v2\/pages\/10040\/revisions\/10044"}],"wp:attachment":[{"href":"https:\/\/fr.mamashelter.com\/zurich\/wp-json\/wp\/v2\/media?parent=10040"}],"curies":[{"name":"wp","href":"https:\/\/api.w.org\/{rel}","templated":true}]}}