{"id":1451,"date":"2020-10-01T07:39:37","date_gmt":"2020-10-01T07:39:37","guid":{"rendered":"https:\/\/mamashelter.com\/zurich\/mamashelter-com-paris-west-restaurants\/"},"modified":"2025-11-24T10:42:28","modified_gmt":"2025-11-24T10:42:28","slug":"restaurants","status":"publish","type":"page","link":"https:\/\/fr.mamashelter.com\/zurich\/restaurants\/","title":{"rendered":"Manger &#038; Boire"},"content":{"rendered":"","protected":false},"excerpt":{"rendered":"","protected":false},"author":7,"featured_media":9490,"parent":0,"menu_order":26,"comment_status":"closed","ping_status":"closed","template":"","meta":{"footnotes":""},"class_list":["post-1451","page","type-page","status-publish","has-post-thumbnail","hentry"],"acf":[],"yoast_head":"<!-- This site is optimized with the Yoast SEO plugin v20.13 - https:\/\/yoast.com\/wordpress\/plugins\/seo\/ -->\n<title>Restaurant, Bar, brunch &amp; Terrasse insolite \u00e0 Zurich | Mama Shelter<\/title>\n<meta name=\"description\" content=\"D\u00e9couvrez le Restaurant, Bar &amp; Terrasse du Mama Shelter Zurich. Plats faits maison, brunch, cocktails... R\u00e9servez votre table !\" \/>\n<meta name=\"robots\" content=\"index, follow, max-snippet:-1, max-image-preview:large, max-video-preview:-1\" \/>\n<link rel=\"canonical\" href=\"https:\/\/fr.mamashelter.com\/zurich\/restaurants\/\" \/>\n<meta property=\"og:locale\" content=\"fr_FR\" \/>\n<meta property=\"og:type\" content=\"article\" \/>\n<meta property=\"og:title\" content=\"Restaurant, Bar, brunch &amp; Terrasse insolite \u00e0 Zurich | Mama Shelter\" \/>\n<meta property=\"og:description\" content=\"D\u00e9couvrez le Restaurant, Bar &amp; Terrasse du Mama Shelter Zurich. Plats faits maison, brunch, cocktails... R\u00e9servez votre table !\" \/>\n<meta property=\"og:url\" content=\"https:\/\/fr.mamashelter.com\/zurich\/restaurants\/\" \/>\n<meta property=\"og:site_name\" content=\"Zurich\" \/>\n<meta property=\"article:modified_time\" content=\"2025-11-24T10:42:28+00:00\" \/>\n<meta property=\"og:image\" content=\"https:\/\/mamashelter.com\/zurich\/wp-content\/uploads\/sites\/39\/2025\/03\/MS_Zurich_Commun_WIP_168.jpg\" \/>\n\t<meta property=\"og:image:width\" content=\"1920\" \/>\n\t<meta property=\"og:image:height\" content=\"1080\" \/>\n\t<meta property=\"og:image:type\" content=\"image\/jpeg\" \/>\n<meta name=\"twitter:card\" content=\"summary_large_image\" \/>\n<script type=\"application\/ld+json\" class=\"yoast-schema-graph\">{\"@context\":\"https:\/\/schema.org\",\"@graph\":[{\"@type\":\"WebPage\",\"@id\":\"https:\/\/fr.mamashelter.com\/zurich\/restaurants\/\",\"url\":\"https:\/\/fr.mamashelter.com\/zurich\/restaurants\/\",\"name\":\"Restaurant, Bar, brunch & Terrasse insolite \u00e0 Zurich | Mama Shelter\",\"isPartOf\":{\"@id\":\"https:\/\/fr.mamashelter.com\/zurich\/#website\"},\"datePublished\":\"2020-10-01T07:39:37+00:00\",\"dateModified\":\"2025-11-24T10:42:28+00:00\",\"description\":\"D\u00e9couvrez le Restaurant, Bar & Terrasse du Mama Shelter Zurich. Plats faits maison, brunch, cocktails... R\u00e9servez votre table !\",\"breadcrumb\":{\"@id\":\"https:\/\/fr.mamashelter.com\/zurich\/restaurants\/#breadcrumb\"},\"inLanguage\":\"fr-FR\",\"potentialAction\":[{\"@type\":\"ReadAction\",\"target\":[\"https:\/\/fr.mamashelter.com\/zurich\/restaurants\/\"]}]},{\"@type\":\"BreadcrumbList\",\"@id\":\"https:\/\/fr.mamashelter.com\/zurich\/restaurants\/#breadcrumb\",\"itemListElement\":[{\"@type\":\"ListItem\",\"position\":1,\"name\":\"Home\",\"item\":\"https:\/\/fr.mamashelter.com\/zurich\/\"},{\"@type\":\"ListItem\",\"position\":2,\"name\":\"Manger &#038; Boire\"}]},{\"@type\":\"WebSite\",\"@id\":\"https:\/\/fr.mamashelter.com\/zurich\/#website\",\"url\":\"https:\/\/fr.mamashelter.com\/zurich\/\",\"name\":\"Zurich\",\"description\":\"Mama Shelter\",\"potentialAction\":[{\"@type\":\"SearchAction\",\"target\":{\"@type\":\"EntryPoint\",\"urlTemplate\":\"https:\/\/fr.mamashelter.com\/zurich\/?s={search_term_string}\"},\"query-input\":\"required name=search_term_string\"}],\"inLanguage\":\"fr-FR\"}]}<\/script>\n<!-- \/ Yoast SEO plugin. -->","yoast_head_json":{"title":"Restaurant, Bar, brunch & Terrasse insolite \u00e0 Zurich | Mama Shelter","description":"D\u00e9couvrez le Restaurant, Bar & Terrasse du Mama Shelter Zurich. Plats faits maison, brunch, cocktails... R\u00e9servez votre table !","robots":{"index":"index","follow":"follow","max-snippet":"max-snippet:-1","max-image-preview":"max-image-preview:large","max-video-preview":"max-video-preview:-1"},"canonical":"https:\/\/fr.mamashelter.com\/zurich\/restaurants\/","og_locale":"fr_FR","og_type":"article","og_title":"Restaurant, Bar, brunch & Terrasse insolite \u00e0 Zurich | Mama Shelter","og_description":"D\u00e9couvrez le Restaurant, Bar & Terrasse du Mama Shelter Zurich. Plats faits maison, brunch, cocktails... R\u00e9servez votre table !","og_url":"https:\/\/fr.mamashelter.com\/zurich\/restaurants\/","og_site_name":"Zurich","article_modified_time":"2025-11-24T10:42:28+00:00","og_image":[{"width":1920,"height":1080,"url":"https:\/\/mamashelter.com\/zurich\/wp-content\/uploads\/sites\/39\/2025\/03\/MS_Zurich_Commun_WIP_168.jpg","type":"image\/jpeg"}],"twitter_card":"summary_large_image","schema":{"@context":"https:\/\/schema.org","@graph":[{"@type":"WebPage","@id":"https:\/\/fr.mamashelter.com\/zurich\/restaurants\/","url":"https:\/\/fr.mamashelter.com\/zurich\/restaurants\/","name":"Restaurant, Bar, brunch & Terrasse insolite \u00e0 Zurich | Mama Shelter","isPartOf":{"@id":"https:\/\/fr.mamashelter.com\/zurich\/#website"},"datePublished":"2020-10-01T07:39:37+00:00","dateModified":"2025-11-24T10:42:28+00:00","description":"D\u00e9couvrez le Restaurant, Bar & Terrasse du Mama Shelter Zurich. Plats faits maison, brunch, cocktails... R\u00e9servez votre table !","breadcrumb":{"@id":"https:\/\/fr.mamashelter.com\/zurich\/restaurants\/#breadcrumb"},"inLanguage":"fr-FR","potentialAction":[{"@type":"ReadAction","target":["https:\/\/fr.mamashelter.com\/zurich\/restaurants\/"]}]},{"@type":"BreadcrumbList","@id":"https:\/\/fr.mamashelter.com\/zurich\/restaurants\/#breadcrumb","itemListElement":[{"@type":"ListItem","position":1,"name":"Home","item":"https:\/\/fr.mamashelter.com\/zurich\/"},{"@type":"ListItem","position":2,"name":"Manger &#038; Boire"}]},{"@type":"WebSite","@id":"https:\/\/fr.mamashelter.com\/zurich\/#website","url":"https:\/\/fr.mamashelter.com\/zurich\/","name":"Zurich","description":"Mama Shelter","potentialAction":[{"@type":"SearchAction","target":{"@type":"EntryPoint","urlTemplate":"https:\/\/fr.mamashelter.com\/zurich\/?s={search_term_string}"},"query-input":"required name=search_term_string"}],"inLanguage":"fr-FR"}]}},"jetpack_sharing_enabled":true,"_links":{"self":[{"href":"https:\/\/fr.mamashelter.com\/zurich\/wp-json\/wp\/v2\/pages\/1451","targetHints":{"allow":["GET"]}}],"collection":[{"href":"https:\/\/fr.mamashelter.com\/zurich\/wp-json\/wp\/v2\/pages"}],"about":[{"href":"https:\/\/fr.mamashelter.com\/zurich\/wp-json\/wp\/v2\/types\/page"}],"author":[{"embeddable":true,"href":"https:\/\/fr.mamashelter.com\/zurich\/wp-json\/wp\/v2\/users\/7"}],"replies":[{"embeddable":true,"href":"https:\/\/fr.mamashelter.com\/zurich\/wp-json\/wp\/v2\/comments?post=1451"}],"version-history":[{"count":3,"href":"https:\/\/fr.mamashelter.com\/zurich\/wp-json\/wp\/v2\/pages\/1451\/revisions"}],"predecessor-version":[{"id":10217,"href":"https:\/\/fr.mamashelter.com\/zurich\/wp-json\/wp\/v2\/pages\/1451\/revisions\/10217"}],"wp:featuredmedia":[{"embeddable":true,"href":"https:\/\/fr.mamashelter.com\/zurich\/wp-json\/wp\/v2\/media\/9490"}],"wp:attachment":[{"href":"https:\/\/fr.mamashelter.com\/zurich\/wp-json\/wp\/v2\/media?parent=1451"}],"curies":[{"name":"wp","href":"https:\/\/api.w.org\/{rel}","templated":true}]}}